{"id":53928,"date":"2023-08-20T03:08:55","date_gmt":"2023-08-20T08:08:55","guid":{"rendered":"https:\/\/shop.corporatestays.com\/assurance\/"},"modified":"2024-02-17T09:56:41","modified_gmt":"2024-02-17T14:56:41","slug":"assurance","status":"publish","type":"page","link":"https:\/\/shop.corporatestays.com\/fr\/assurance\/","title":{"rendered":"Assurance"},"content":{"rendered":"\t<section class=\"section\" id=\"section_1353092290\">\n\t\t<div class=\"bg section-bg fill bg-fill  bg-loaded\" >\n\n\t\t\t\n\t\t\t\n\t\t\t\n\n\t\t<\/div>\n\n\t\t\n\n\t\t<div class=\"section-content relative\">\n\t\t\t\n\n  <div class=\"banner has-hover\" id=\"banner-530495488\">\n          <div class=\"banner-inner fill\">\n        <div class=\"banner-bg fill\" >\n            <div class=\"bg fill bg-fill \"><\/div>\n                                    \n                    <\/div>\n\t\t\n        <div class=\"banner-layers container\">\n            <div class=\"fill banner-link\"><\/div>            \n   <div id=\"text-box-1029355134\" class=\"text-box banner-layer x50 md-x50 lg-x50 y50 md-y50 lg-y50 res-text\">\n                                <div class=\"text-box-content text dark text-shadow-5\">\n              \n              <div class=\"text-inner text-center\">\n                  \n<h3 class=\"uppercase\">Qu&#8217;est-ce que Corporate<span data-text-color=\"primary\">Care<\/span> ?<\/h3>\n              <\/div>\n           <\/div>\n                            \n<style>\n#text-box-1029355134 {\n  width: 60%;\n}\n#text-box-1029355134 .text-box-content {\n  font-size: 100%;\n}\n<\/style>\n    <\/div>\n \n        <\/div>\n      <\/div>\n\n            \n<style>\n#banner-530495488 {\n  padding-top: 400px;\n}\n#banner-530495488 .bg.bg-loaded {\n  background-image: url(https:\/\/shop.corporatestays.com\/wp-content\/uploads\/2023\/08\/banner-Corporate-Insurance-scaled.jpg);\n}\n#banner-530495488 .bg {\n  background-position: 50% 50%;\n}\n@media (min-width:550px) {\n  #banner-530495488 {\n    padding-top: 500px;\n  }\n}\n<\/style>\n  <\/div>\n\n\n\t\t<\/div>\n\n\t\t\n<style>\n#section_1353092290 {\n  padding-top: 30px;\n  padding-bottom: 30px;\n}\n<\/style>\n\t<\/section>\n\t\n\t<section class=\"section\" id=\"section_85453132\">\n\t\t<div class=\"bg section-bg fill bg-fill  bg-loaded\" >\n\n\t\t\t\n\t\t\t\n\t\t\t\n\n\t\t<\/div>\n\n\t\t\n\n\t\t<div class=\"section-content relative\">\n\t\t\t\n<div class=\"row row-collapse align-equal\"  id=\"row-97984363\">\n\n\t<div id=\"col-683992327\" class=\"col small-12 large-12\"  >\n\t\t\t\t<div class=\"col-inner\"  >\n\t\t\t\n\t\t\t\n\t<div id=\"text-3877359815\" class=\"text\">\n\t\t\n<h2>CorporateCARE<br \/>\nest une protection compl\u00e8te pour les H\u00d4TES<\/h2>\n<p>Nos plans comprennent une protection de 1 million de dollars en responsabilit\u00e9 civile et de 10 000 dollars en dommages pour couvrir les accidents impr\u00e9vus pendant votre s\u00e9jour.<\/p>\n\t\t\n<style>\n#text-3877359815 {\n  font-size: 1.05rem;\n  text-align: center;\n  color: rgb(46, 46, 45);\n}\n#text-3877359815 > * {\n  color: rgb(46, 46, 45);\n}\n@media (min-width:550px) {\n  #text-3877359815 {\n    font-size: 1.05rem;\n  }\n}\n<\/style>\n\t<\/div>\n\t\n\t\t<\/div>\n\t\t\t\t\n<style>\n#col-683992327 > .col-inner {\n  padding: 0px 15px 0px 15px;\n}\n@media (min-width:850px) {\n  #col-683992327 > .col-inner {\n    padding: 0px 15px 0px 15px;\n  }\n}\n<\/style>\n\t<\/div>\n\n\t\n<\/div>\n\t\t<\/div>\n\n\t\t\n<style>\n#section_85453132 {\n  padding-top: 30px;\n  padding-bottom: 30px;\n}\n<\/style>\n\t<\/section>\n\t\n\t<section class=\"section\" id=\"section_1228850961\">\n\t\t<div class=\"bg section-bg fill bg-fill  bg-loaded\" >\n\n\t\t\t\n\t\t\t\n\t\t\t\n\n\t\t<\/div>\n\n\t\t\n\n\t\t<div class=\"section-content relative\">\n\t\t\t\n<div class=\"row row-small align-equal\"  id=\"row-285813488\">\n\n\t<div id=\"col-226640886\" class=\"col small-12 large-12\"  >\n\t\t\t\t<div class=\"col-inner\"  >\n\t\t\t\n\t\t\t\n\t<div id=\"text-2615580115\" class=\"text\">\n\t\t\n<h3>Plans de protection<\/h3>\n<p><img loading=\"lazy\" decoding=\"async\" src=\"https:\/\/shop.corporatestays.com\/wp-content\/uploads\/2023\/07\/divider-.png\" alt=\"s\u00e9parateur--\" width=\"45\" height=\"3\"><\/p>\n\t\t\n<style>\n#text-2615580115 {\n  font-size: 1.25rem;\n  line-height: 1;\n  text-align: center;\n  color: #2e2e2d;\n}\n#text-2615580115 > * {\n  color: #2e2e2d;\n}\n<\/style>\n\t<\/div>\n\t\n\t\t<\/div>\n\t\t\t\t\t<\/div>\n\n\t\n\n\t<div id=\"col-833902528\" class=\"col medium-6 small-12 large-6\"  >\n\t\t\t\t<div class=\"col-inner text-left\"  >\n\t\t\t\n\t<div class=\"is-border\"\n\t\tstyle=\"border-width:2px 2px 2px 2px;\">\n\t<\/div>\n\t\t\t\n<div class=\"container section-title-container\" ><h3 class=\"section-title section-title-center\"><b><\/b><span class=\"section-title-main\" style=\"color:rgb(222, 57, 134);\">Plan de base<\/span><b><\/b><\/h3><\/div>\n\t<div id=\"text-905668292\" class=\"text\">\n\t\t\n<p><strong>Moins de 30 nuit\u00e9es &#8211; 4 CAD par nuit\u00e9es<\/strong><\/p>\n\t\t\n<style>\n#text-905668292 {\n  font-size: 1.3rem;\n  text-align: center;\n}\n@media (min-width:550px) {\n  #text-905668292 {\n    font-size: 1.5rem;\n  }\n}\n@media (min-width:850px) {\n  #text-905668292 {\n    font-size: 1.7rem;\n  }\n}\n<\/style>\n\t<\/div>\n\t\n\t<div id=\"text-743437014\" class=\"text\">\n\t\t\n<ul>\n<li>D\u00e9g\u00e2ts caus\u00e9s au mobilier<\/li>\n<li>D\u00e9coration int\u00e9rieure &#8211; D\u00e9g\u00e2ts caus\u00e9s \u00e0 la structure d&#8217;un appartement<\/li>\n<li>(murs, portes, plafond, sol)<\/li>\n<\/ul>\n<p>&nbsp;<\/p>\n\t\t\n<style>\n#text-743437014 {\n  font-size: 1rem;\n}\n@media (min-width:850px) {\n  #text-743437014 {\n    font-size: 1.2rem;\n  }\n}\n<\/style>\n\t<\/div>\n\t\n<div class=\"row row-collapse align-equal\"  id=\"row-2142607221\">\n\n\t<div id=\"col-1371870824\" class=\"col medium-6 small-6 large-6\"  >\n\t\t\t\t<div class=\"col-inner\"  >\n\t\t\t\n\t\t\t\n\t<div id=\"text-656885743\" class=\"text\">\n\t\t\n<p><strong>DUR\u00c9E DU S\u00c9JOUR<\/strong><\/p>\n\t\t\n<style>\n#text-656885743 {\n  font-size: 0.9rem;\n  text-align: center;\n}\n@media (min-width:550px) {\n  #text-656885743 {\n    font-size: 1.1rem;\n  }\n}\n@media (min-width:850px) {\n  #text-656885743 {\n    font-size: 1.4rem;\n  }\n}\n<\/style>\n\t<\/div>\n\t\n\t<div id=\"text-3546461327\" class=\"text\">\n\t\t\n<p>PLUS DE 30 NUIT\u00c9ES<\/p>\n\t\t\n<style>\n#text-3546461327 {\n  font-size: 0.85rem;\n  text-align: center;\n}\n@media (min-width:550px) {\n  #text-3546461327 {\n    font-size: 0.95rem;\n  }\n}\n@media (min-width:850px) {\n  #text-3546461327 {\n    font-size: 1.1rem;\n  }\n}\n<\/style>\n\t<\/div>\n\t\n\t\t<\/div>\n\t\t\t\t\n<style>\n#col-1371870824 > .col-inner {\n  padding: 0px 0px 0px 0px;\n}\n<\/style>\n\t<\/div>\n\n\t\n\n\t<div id=\"col-755617678\" class=\"col medium-6 small-6 large-6\"  >\n\t\t\t\t<div class=\"col-inner\"  >\n\t\t\t\n\t\t\t\n\t<div id=\"text-131385193\" class=\"text\">\n\t\t\n<p><strong>VALEUR<\/strong><\/p>\n\t\t\n<style>\n#text-131385193 {\n  font-size: 1rem;\n  text-align: center;\n}\n@media (min-width:550px) {\n  #text-131385193 {\n    font-size: 1.1rem;\n  }\n}\n@media (min-width:850px) {\n  #text-131385193 {\n    font-size: 1.4rem;\n  }\n}\n<\/style>\n\t<\/div>\n\t\n\t<div id=\"text-2398078878\" class=\"text\">\n\t\t\n<p>3 CAD par nuit\u00e9e<\/p>\n\t\t\n<style>\n#text-2398078878 {\n  font-size: 0.85rem;\n  text-align: center;\n  color: rgb(222, 57, 134);\n}\n#text-2398078878 > * {\n  color: rgb(222, 57, 134);\n}\n@media (min-width:550px) {\n  #text-2398078878 {\n    font-size: 0.95rem;\n  }\n}\n@media (min-width:850px) {\n  #text-2398078878 {\n    font-size: 1.1rem;\n  }\n}\n<\/style>\n\t<\/div>\n\t\n\t\t<\/div>\n\t\t\t\t\n<style>\n#col-755617678 > .col-inner {\n  padding: 0px 0px 0px 0px;\n}\n<\/style>\n\t<\/div>\n\n\t\n<\/div>\n\t\t<\/div>\n\t\t\t\t\n<style>\n#col-833902528 > .col-inner {\n  padding: 30px 30px 30px 30px;\n}\n<\/style>\n\t<\/div>\n\n\t\n\n\t<div id=\"col-1816119596\" class=\"col medium-6 small-12 large-6\"  >\n\t\t\t\t<div class=\"col-inner text-left\"  >\n\t\t\t\n\t<div class=\"is-border\"\n\t\tstyle=\"border-width:2px 2px 2px 2px;\">\n\t<\/div>\n\t\t\t\n<div class=\"container section-title-container\" ><h3 class=\"section-title section-title-center\"><b><\/b><span class=\"section-title-main\" style=\"color:rgb(222, 57, 134);\">PLAN PREMIUM<\/span><b><\/b><\/h3><\/div>\n\t<div id=\"text-3715032269\" class=\"text\">\n\t\t\n<p><strong>Moins de 30 nuit\u00e9es &#8211; 5 CAD par nuit\u00e9e + taxes<\/strong><\/p>\n\t\t\n<style>\n#text-3715032269 {\n  font-size: 1.3rem;\n  text-align: center;\n}\n@media (min-width:550px) {\n  #text-3715032269 {\n    font-size: 1.5rem;\n  }\n}\n@media (min-width:850px) {\n  #text-3715032269 {\n    font-size: 1.7rem;\n  }\n}\n<\/style>\n\t<\/div>\n\t\n\t<div id=\"text-548587922\" class=\"text\">\n\t\t\n<ul>\n<li>D\u00e9g\u00e2ts caus\u00e9s au mobilier<\/li>\n<li>D\u00e9coration int\u00e9rieure &#8211; D\u00e9g\u00e2ts caus\u00e9s \u00e0 la structure d&#8217;un appartement<\/li>\n<li>(murs, portes, plafond, sol) Dommages caus\u00e9s par le feu<\/li>\n<li>Dommages par inondation<\/li>\n<\/ul>\n\t\t\n<style>\n#text-548587922 {\n  font-size: 1rem;\n}\n@media (min-width:850px) {\n  #text-548587922 {\n    font-size: 1.2rem;\n  }\n}\n<\/style>\n\t<\/div>\n\t\n<div class=\"row row-collapse align-equal\"  id=\"row-1476610657\">\n\n\t<div id=\"col-1032200030\" class=\"col medium-6 small-6 large-6\"  >\n\t\t\t\t<div class=\"col-inner\"  >\n\t\t\t\n\t\t\t\n\t<div id=\"text-527256083\" class=\"text\">\n\t\t\n\t\t\n<style>\n#text-527256083 {\n  font-size: 0.9rem;\n  text-align: center;\n}\n@media (min-width:550px) {\n  #text-527256083 {\n    font-size: 1.1rem;\n  }\n}\n@media (min-width:850px) {\n  #text-527256083 {\n    font-size: 1.4rem;\n  }\n}\n<\/style>\n\t<\/div>\n\t\n\t<div id=\"text-1434863946\" class=\"text\">\n\t\t\n\t\t\n<style>\n#text-1434863946 {\n  font-size: 0.85rem;\n  text-align: center;\n}\n@media (min-width:550px) {\n  #text-1434863946 {\n    font-size: 0.95rem;\n  }\n}\n@media (min-width:850px) {\n  #text-1434863946 {\n    font-size: 1.1rem;\n  }\n}\n<\/style>\n\t<\/div>\n\t\n\t\t<\/div>\n\t\t\t\t\n<style>\n#col-1032200030 > .col-inner {\n  padding: 0px 0px 0px 0px;\n}\n<\/style>\n\t<\/div>\n\n\t\n\n\t<div id=\"col-993286932\" class=\"col medium-6 small-6 large-6\"  >\n\t\t\t\t<div class=\"col-inner\"  >\n\t\t\t\n\t\t\t\n\t<div id=\"text-2284980714\" class=\"text\">\n\t\t\n\t\t\n<style>\n#text-2284980714 {\n  font-size: 0.9rem;\n  text-align: center;\n}\n@media (min-width:550px) {\n  #text-2284980714 {\n    font-size: 1.1rem;\n  }\n}\n@media (min-width:850px) {\n  #text-2284980714 {\n    font-size: 1.4rem;\n  }\n}\n<\/style>\n\t<\/div>\n\t\n\t<div id=\"text-2797932233\" class=\"text\">\n\t\t\n\t\t\n<style>\n#text-2797932233 {\n  font-size: 0.85rem;\n  text-align: center;\n  color: #de3986;\n}\n#text-2797932233 > * {\n  color: #de3986;\n}\n@media (min-width:550px) {\n  #text-2797932233 {\n    font-size: 0.95rem;\n  }\n}\n@media (min-width:850px) {\n  #text-2797932233 {\n    font-size: 1.1rem;\n  }\n}\n<\/style>\n\t<\/div>\n\t\n\t\t<\/div>\n\t\t\t\t\n<style>\n#col-993286932 > .col-inner {\n  padding: 0px 0px 0px 0px;\n}\n<\/style>\n\t<\/div>\n\n\t\n<\/div>\n\t\t<\/div>\n\t\t\t\t\n<style>\n#col-1816119596 > .col-inner {\n  padding: 30px 30px 30px 30px;\n}\n<\/style>\n\t<\/div>\n\n\t\n<\/div>\n\t\t<\/div>\n\n\t\t\n<style>\n#section_1228850961 {\n  padding-top: 0px;\n  padding-bottom: 0px;\n}\n<\/style>\n\t<\/section>\n\t\n\t<section class=\"section\" id=\"section_1695817203\">\n\t\t<div class=\"bg section-bg fill bg-fill  bg-loaded\" >\n\n\t\t\t\n\t\t\t\n\t\t\t\n\n\t\t<\/div>\n\n\t\t\n\n\t\t<div class=\"section-content relative\">\n\t\t\t\n<div class=\"row\"  id=\"row-926302945\">\n\n\t<div id=\"col-2017299471\" class=\"col small-12 large-12\"  >\n\t\t\t\t<div class=\"col-inner text-center\"  >\n\t\t\t\n\t\t\t\n\t<div id=\"text-3915892638\" class=\"text\">\n\t\t\n<p>* La protection de base est obligatoire pour toutes les r\u00e9servations.<\/p>\n\t\t\n<style>\n#text-3915892638 {\n  font-size: 1rem;\n  text-align: center;\n}\n@media (min-width:550px) {\n  #text-3915892638 {\n    text-align: right;\n  }\n}\n@media (min-width:850px) {\n  #text-3915892638 {\n    text-align: right;\n  }\n}\n<\/style>\n\t<\/div>\n\t\n\t<section class=\"section\" id=\"section_135111961\">\n\t\t<div class=\"bg section-bg fill bg-fill  bg-loaded\" >\n\n\t\t\t\n\t\t\t\n\t\t\t\n\n\t\t<\/div>\n\n\t\t\n\n\t\t<div class=\"section-content relative\">\n\t\t\t\t\t<\/div>\n\n\t\t\n<style>\n#section_135111961 {\n  padding-top: 30px;\n  padding-bottom: 30px;\n}\n<\/style>\n\t<\/section>\n\t\n<div class=\"row row-collapse align-equal\"  id=\"row-926758099\"><\/div>\n\n\t<div id=\"col-52253576\" class=\"col small-12 large-12\"  >\n\t\t\t\t<div class=\"col-inner\"  >\n\t\t\t\n\t\t\t\t\t<\/div>\n\t\t\t\t\n<style>\n#col-52253576 > .col-inner {\n  padding: 0px 15px 0px 15px;\n}\n@media (min-width:850px) {\n  #col-52253576 > .col-inner {\n    padding: 0px 15px 0px 15px;\n  }\n}\n<\/style>\n\t<\/div>\n\n\t\n\t<div id=\"text-1678826059\" class=\"text\">\n\t\t\n<h3>Am\u00e9liorez votre exp\u00e9rience gr\u00e2ce \u00e0 notre plan de protection Premium, qui offre d\u00e9sormais une s\u00e9rie d&#8217;avantages exclusifs !<\/h3>\n<p>B\u00e9n\u00e9ficiez d&#8217;un s\u00e9jour gratuit \u00e0 <a href=\"https:\/\/sabogalodge.com\/en\/\" target=\"_blank\" rel=\"noopener\">Saboga Lodge<\/a> pour une nuit\u00e9e chaque mois dans le cadre de votre plan de protection.<\/p>\n<p>B\u00e9n\u00e9ficiez d&#8217;une r\u00e9duction de 10 % sur les locations de voitures chez <a href=\"https:\/\/corporatecars.ca\/\" target=\"_blank\" rel=\"noopener\">Corporate Cars<\/a>, rendant ainsi votre voyage plus agr\u00e9able et plus abordable.<\/p>\n<p>Profitez de la possibilit\u00e9 d&#8217;un d\u00e9part tardif gratuit, sous r\u00e9serve de disponibilit\u00e9, vous permettant de partir \u00e0 votre guise au plus tard \u00e0 16h00.<\/p>\n<p>Le jour de votre d\u00e9part, profitez de notre service gratuit de bagagerie, qui vous permettra de terminer votre s\u00e9jour en toute tranquillit\u00e9.<\/p>\n<div>Faites l&#8217;exp\u00e9rience de ces avantages premium et offrez-vous un voyage d&#8217;exception.<\/div>\n\t\t\n<style>\n#text-1678826059 {\n  font-size: 1.05rem;\n  text-align: center;\n  color: rgb(46, 46, 45);\n}\n#text-1678826059 > * {\n  color: rgb(46, 46, 45);\n}\n@media (min-width:550px) {\n  #text-1678826059 {\n    font-size: 1.05rem;\n  }\n}\n<\/style>\n\t<\/div>\n\t\n\t\t<\/div>\n\t\t\t\t\t<\/div>\n\n\t\n<\/div>\n\t\t<\/div>\n\n\t\t\n<style>\n#section_1695817203 {\n  padding-top: 0px;\n  padding-bottom: 0px;\n}\n<\/style>\n\t<\/section>\n\t\n\t<div id=\"gap-1124180303\" class=\"gap-element clearfix\" style=\"display:block; height:auto;\">\n\t\t\n<style>\n#gap-1124180303 {\n  padding-top: 100px;\n}\n<\/style>\n\t<\/div>\n\t\n\t<div id=\"text-3923920823\" class=\"text\">\n\t\t\n<h4>Besoin d&#8217;aide ? <a style=\"color: #de3986;\" href=\"https:\/\/api.whatsapp.com\/send\/?phone=%2B15142776464\" target=\"_blank\" rel=\"noopener\">Contactez-nous<\/a><\/h4>\n\t\t\n<style>\n#text-3923920823 {\n  text-align: center;\n}\n<\/style>\n\t<\/div>\n\t\n[\/col]\n[\/row]\n[\/section]\n","protected":false},"excerpt":{"rendered":"[\/col] [\/row] [\/section]\n","protected":false},"author":14,"featured_media":0,"parent":0,"menu_order":0,"comment_status":"closed","ping_status":"closed","template":"page-blank.php","meta":{"footnotes":""},"class_list":["post-53928","page","type-page","status-publish","hentry"],"yoast_head":"<!-- This site is optimized with the Yoast SEO plugin v27.4 - https:\/\/yoast.com\/product\/yoast-seo-wordpress\/ -->\n<title>Plan de protection de Corporate Stays | Protection contre les dommages et la responsabilit\u00e9 civile<\/title>\n<meta name=\"description\" content=\"Nos plans de protection comprennent 1 million de dollars en responsabilit\u00e9 civile et 10 000 dollars en dommages pour couvrir les accidents impr\u00e9vus pendant votre s\u00e9jour.\" \/>\n<meta name=\"robots\" content=\"index, follow, max-snippet:-1, max-image-preview:large, max-video-preview:-1\" \/>\n<link rel=\"canonical\" href=\"https:\/\/shop.corporatestays.com\/fr\/assurance\/\" \/>\n<meta property=\"og:locale\" content=\"fr_FR\" \/>\n<meta property=\"og:type\" content=\"article\" \/>\n<meta property=\"og:title\" content=\"Plan de protection de Corporate Stays | Protection contre les dommages et la responsabilit\u00e9 civile\" \/>\n<meta property=\"og:description\" content=\"Nos plans de protection comprennent 1 million de dollars en responsabilit\u00e9 civile et 10 000 dollars en dommages pour couvrir les accidents impr\u00e9vus pendant votre s\u00e9jour.\" \/>\n<meta property=\"og:url\" content=\"https:\/\/shop.corporatestays.com\/fr\/assurance\/\" \/>\n<meta property=\"og:site_name\" content=\"[Shop] Corporate Stays: Beyond Business\" \/>\n<meta property=\"article:publisher\" content=\"https:\/\/www.facebook.com\/CorporateStays\/\" \/>\n<meta property=\"article:modified_time\" content=\"2024-02-17T14:56:41+00:00\" \/>\n<meta property=\"og:image\" content=\"https:\/\/test.corporatestays.com\/wp-content\/uploads\/2023\/07\/divider-.png\" \/>\n<meta name=\"twitter:card\" content=\"summary_large_image\" \/>\n<meta name=\"twitter:site\" content=\"@corporatestays\" \/>\n<meta name=\"twitter:label1\" content=\"Est. reading time\" \/>\n\t<meta name=\"twitter:data1\" content=\"4 minutes\" \/>\n<script type=\"application\/ld+json\" class=\"yoast-schema-graph\">{\"@context\":\"https:\\\/\\\/schema.org\",\"@graph\":[{\"@type\":\"WebPage\",\"@id\":\"https:\\\/\\\/shop.corporatestays.com\\\/fr\\\/assurance\\\/\",\"url\":\"https:\\\/\\\/shop.corporatestays.com\\\/fr\\\/assurance\\\/\",\"name\":\"Plan de protection de Corporate Stays | Protection contre les dommages et la responsabilit\u00e9 civile\",\"isPartOf\":{\"@id\":\"https:\\\/\\\/shop.corporatestays.com\\\/#website\"},\"primaryImageOfPage\":{\"@id\":\"https:\\\/\\\/shop.corporatestays.com\\\/fr\\\/assurance\\\/#primaryimage\"},\"image\":{\"@id\":\"https:\\\/\\\/shop.corporatestays.com\\\/fr\\\/assurance\\\/#primaryimage\"},\"thumbnailUrl\":\"https:\\\/\\\/shop.corporatestays.com\\\/wp-content\\\/uploads\\\/2023\\\/07\\\/divider-.png\",\"datePublished\":\"2023-08-20T08:08:55+00:00\",\"dateModified\":\"2024-02-17T14:56:41+00:00\",\"description\":\"Nos plans de protection comprennent 1 million de dollars en responsabilit\u00e9 civile et 10 000 dollars en dommages pour couvrir les accidents impr\u00e9vus pendant votre s\u00e9jour.\",\"breadcrumb\":{\"@id\":\"https:\\\/\\\/shop.corporatestays.com\\\/fr\\\/assurance\\\/#breadcrumb\"},\"inLanguage\":\"fr-FR\",\"potentialAction\":[{\"@type\":\"ReadAction\",\"target\":[\"https:\\\/\\\/shop.corporatestays.com\\\/fr\\\/assurance\\\/\"]}]},{\"@type\":\"ImageObject\",\"inLanguage\":\"fr-FR\",\"@id\":\"https:\\\/\\\/shop.corporatestays.com\\\/fr\\\/assurance\\\/#primaryimage\",\"url\":\"https:\\\/\\\/shop.corporatestays.com\\\/wp-content\\\/uploads\\\/2023\\\/07\\\/divider-.png\",\"contentUrl\":\"https:\\\/\\\/shop.corporatestays.com\\\/wp-content\\\/uploads\\\/2023\\\/07\\\/divider-.png\"},{\"@type\":\"BreadcrumbList\",\"@id\":\"https:\\\/\\\/shop.corporatestays.com\\\/fr\\\/assurance\\\/#breadcrumb\",\"itemListElement\":[{\"@type\":\"ListItem\",\"position\":1,\"name\":\"Home\",\"item\":\"https:\\\/\\\/shop.corporatestays.com\\\/fr\\\/accueil\\\/\"},{\"@type\":\"ListItem\",\"position\":2,\"name\":\"Assurance\"}]},{\"@type\":\"WebSite\",\"@id\":\"https:\\\/\\\/shop.corporatestays.com\\\/#website\",\"url\":\"https:\\\/\\\/shop.corporatestays.com\\\/\",\"name\":\"[Shop] Corporate Stays: Beyond Business\",\"description\":\"We match business travelers with unique places to stay\",\"publisher\":{\"@id\":\"https:\\\/\\\/shop.corporatestays.com\\\/#organization\"},\"potentialAction\":[{\"@type\":\"SearchAction\",\"target\":{\"@type\":\"EntryPoint\",\"urlTemplate\":\"https:\\\/\\\/shop.corporatestays.com\\\/?s={search_term_string}\"},\"query-input\":{\"@type\":\"PropertyValueSpecification\",\"valueRequired\":true,\"valueName\":\"search_term_string\"}}],\"inLanguage\":\"fr-FR\"},{\"@type\":\"Organization\",\"@id\":\"https:\\\/\\\/shop.corporatestays.com\\\/#organization\",\"name\":\"Corporate Stays\",\"url\":\"https:\\\/\\\/shop.corporatestays.com\\\/\",\"logo\":{\"@type\":\"ImageObject\",\"inLanguage\":\"fr-FR\",\"@id\":\"https:\\\/\\\/shop.corporatestays.com\\\/#\\\/schema\\\/logo\\\/image\\\/\",\"url\":\"https:\\\/\\\/shop.corporatestays.com\\\/wp-content\\\/uploads\\\/2020\\\/12\\\/logo-corporate-stays.png\",\"contentUrl\":\"https:\\\/\\\/shop.corporatestays.com\\\/wp-content\\\/uploads\\\/2020\\\/12\\\/logo-corporate-stays.png\",\"width\":500,\"height\":131,\"caption\":\"Corporate Stays\"},\"image\":{\"@id\":\"https:\\\/\\\/shop.corporatestays.com\\\/#\\\/schema\\\/logo\\\/image\\\/\"},\"sameAs\":[\"https:\\\/\\\/www.facebook.com\\\/CorporateStays\\\/\",\"https:\\\/\\\/x.com\\\/corporatestays\",\"https:\\\/\\\/www.instagram.com\\\/CORPORATESTAYS\\\/\",\"https:\\\/\\\/www.linkedin.com\\\/company\\\/corporatestays\"]}]}<\/script>\n<!-- \/ Yoast SEO plugin. -->","yoast_head_json":{"title":"Plan de protection de Corporate Stays | Protection contre les dommages et la responsabilit\u00e9 civile","description":"Nos plans de protection comprennent 1 million de dollars en responsabilit\u00e9 civile et 10 000 dollars en dommages pour couvrir les accidents impr\u00e9vus pendant votre s\u00e9jour.","robots":{"index":"index","follow":"follow","max-snippet":"max-snippet:-1","max-image-preview":"max-image-preview:large","max-video-preview":"max-video-preview:-1"},"canonical":"https:\/\/shop.corporatestays.com\/fr\/assurance\/","og_locale":"fr_FR","og_type":"article","og_title":"Plan de protection de Corporate Stays | Protection contre les dommages et la responsabilit\u00e9 civile","og_description":"Nos plans de protection comprennent 1 million de dollars en responsabilit\u00e9 civile et 10 000 dollars en dommages pour couvrir les accidents impr\u00e9vus pendant votre s\u00e9jour.","og_url":"https:\/\/shop.corporatestays.com\/fr\/assurance\/","og_site_name":"[Shop] Corporate Stays: Beyond Business","article_publisher":"https:\/\/www.facebook.com\/CorporateStays\/","article_modified_time":"2024-02-17T14:56:41+00:00","og_image":[{"url":"https:\/\/test.corporatestays.com\/wp-content\/uploads\/2023\/07\/divider-.png","type":"","width":"","height":""}],"twitter_card":"summary_large_image","twitter_site":"@corporatestays","twitter_misc":{"Est. reading time":"4 minutes"},"schema":{"@context":"https:\/\/schema.org","@graph":[{"@type":"WebPage","@id":"https:\/\/shop.corporatestays.com\/fr\/assurance\/","url":"https:\/\/shop.corporatestays.com\/fr\/assurance\/","name":"Plan de protection de Corporate Stays | Protection contre les dommages et la responsabilit\u00e9 civile","isPartOf":{"@id":"https:\/\/shop.corporatestays.com\/#website"},"primaryImageOfPage":{"@id":"https:\/\/shop.corporatestays.com\/fr\/assurance\/#primaryimage"},"image":{"@id":"https:\/\/shop.corporatestays.com\/fr\/assurance\/#primaryimage"},"thumbnailUrl":"https:\/\/shop.corporatestays.com\/wp-content\/uploads\/2023\/07\/divider-.png","datePublished":"2023-08-20T08:08:55+00:00","dateModified":"2024-02-17T14:56:41+00:00","description":"Nos plans de protection comprennent 1 million de dollars en responsabilit\u00e9 civile et 10 000 dollars en dommages pour couvrir les accidents impr\u00e9vus pendant votre s\u00e9jour.","breadcrumb":{"@id":"https:\/\/shop.corporatestays.com\/fr\/assurance\/#breadcrumb"},"inLanguage":"fr-FR","potentialAction":[{"@type":"ReadAction","target":["https:\/\/shop.corporatestays.com\/fr\/assurance\/"]}]},{"@type":"ImageObject","inLanguage":"fr-FR","@id":"https:\/\/shop.corporatestays.com\/fr\/assurance\/#primaryimage","url":"https:\/\/shop.corporatestays.com\/wp-content\/uploads\/2023\/07\/divider-.png","contentUrl":"https:\/\/shop.corporatestays.com\/wp-content\/uploads\/2023\/07\/divider-.png"},{"@type":"BreadcrumbList","@id":"https:\/\/shop.corporatestays.com\/fr\/assurance\/#breadcrumb","itemListElement":[{"@type":"ListItem","position":1,"name":"Home","item":"https:\/\/shop.corporatestays.com\/fr\/accueil\/"},{"@type":"ListItem","position":2,"name":"Assurance"}]},{"@type":"WebSite","@id":"https:\/\/shop.corporatestays.com\/#website","url":"https:\/\/shop.corporatestays.com\/","name":"[Shop] Corporate Stays: Beyond Business","description":"We match business travelers with unique places to stay","publisher":{"@id":"https:\/\/shop.corporatestays.com\/#organization"},"potentialAction":[{"@type":"SearchAction","target":{"@type":"EntryPoint","urlTemplate":"https:\/\/shop.corporatestays.com\/?s={search_term_string}"},"query-input":{"@type":"PropertyValueSpecification","valueRequired":true,"valueName":"search_term_string"}}],"inLanguage":"fr-FR"},{"@type":"Organization","@id":"https:\/\/shop.corporatestays.com\/#organization","name":"Corporate Stays","url":"https:\/\/shop.corporatestays.com\/","logo":{"@type":"ImageObject","inLanguage":"fr-FR","@id":"https:\/\/shop.corporatestays.com\/#\/schema\/logo\/image\/","url":"https:\/\/shop.corporatestays.com\/wp-content\/uploads\/2020\/12\/logo-corporate-stays.png","contentUrl":"https:\/\/shop.corporatestays.com\/wp-content\/uploads\/2020\/12\/logo-corporate-stays.png","width":500,"height":131,"caption":"Corporate Stays"},"image":{"@id":"https:\/\/shop.corporatestays.com\/#\/schema\/logo\/image\/"},"sameAs":["https:\/\/www.facebook.com\/CorporateStays\/","https:\/\/x.com\/corporatestays","https:\/\/www.instagram.com\/CORPORATESTAYS\/","https:\/\/www.linkedin.com\/company\/corporatestays"]}]}},"_links":{"self":[{"href":"https:\/\/shop.corporatestays.com\/fr\/wp-json\/wp\/v2\/pages\/53928","targetHints":{"allow":["GET"]}}],"collection":[{"href":"https:\/\/shop.corporatestays.com\/fr\/wp-json\/wp\/v2\/pages"}],"about":[{"href":"https:\/\/shop.corporatestays.com\/fr\/wp-json\/wp\/v2\/types\/page"}],"author":[{"embeddable":true,"href":"https:\/\/shop.corporatestays.com\/fr\/wp-json\/wp\/v2\/users\/14"}],"replies":[{"embeddable":true,"href":"https:\/\/shop.corporatestays.com\/fr\/wp-json\/wp\/v2\/comments?post=53928"}],"version-history":[{"count":3,"href":"https:\/\/shop.corporatestays.com\/fr\/wp-json\/wp\/v2\/pages\/53928\/revisions"}],"predecessor-version":[{"id":53931,"href":"https:\/\/shop.corporatestays.com\/fr\/wp-json\/wp\/v2\/pages\/53928\/revisions\/53931"}],"wp:attachment":[{"href":"https:\/\/shop.corporatestays.com\/fr\/wp-json\/wp\/v2\/media?parent=53928"}],"curies":[{"name":"wp","href":"https:\/\/api.w.org\/{rel}","templated":true}]}}