{"id":53924,"date":"2022-11-05T05:01:56","date_gmt":"2022-11-05T10:01:56","guid":{"rendered":"https:\/\/shop.corporatestays.com\/restitution-de-votre-depot-de-garantie\/"},"modified":"2024-02-17T09:31:51","modified_gmt":"2024-02-17T14:31:51","slug":"restitution-de-votre-depot-de-garantie","status":"publish","type":"page","link":"https:\/\/shop.corporatestays.com\/fr\/restitution-de-votre-depot-de-garantie\/","title":{"rendered":"Restitution de votre d\u00e9p\u00f4t de garantie"},"content":{"rendered":"\n  <div class=\"banner has-hover\" id=\"banner-1073850060\">\n          <div class=\"banner-inner fill\">\n        <div class=\"banner-bg fill\" >\n            <div class=\"bg fill bg-fill \"><\/div>\n                                    \n                    <\/div>\n\t\t\n        <div class=\"banner-layers container\">\n            <div class=\"fill banner-link\"><\/div>            \n   <div id=\"text-box-589632830\" class=\"text-box banner-layer x50 md-x50 lg-x50 y50 md-y50 lg-y50 res-text\">\n                                <div class=\"text-box-content text dark\">\n              \n              <div class=\"text-inner text-center\">\n                  \n<h1>Restitution de votre d\u00e9p\u00f4t de garantie<br \/>D\u00e9p\u00f4t de garantie<\/h1>\n              <\/div>\n           <\/div>\n                            \n<style>\n#text-box-589632830 {\n  width: 60%;\n}\n#text-box-589632830 .text-box-content {\n  font-size: 100%;\n}\n<\/style>\n    <\/div>\n \n        <\/div>\n      <\/div>\n\n            \n<style>\n#banner-1073850060 {\n  padding-top: 500px;\n}\n<\/style>\n  <\/div>\n\n\n<\/p>\n<p>Voulez-vous r\u00e9cup\u00e9rer votre d\u00e9p\u00f4t de garantie ?<\/p>\n\n<div class=\"wpcf7 no-js\" id=\"wpcf7-f13749-o1\" lang=\"en-US\" dir=\"ltr\" data-wpcf7-id=\"13749\">\n<div class=\"screen-reader-response\"><p role=\"status\" aria-live=\"polite\" aria-atomic=\"true\"><\/p> <ul><\/ul><\/div>\n<form action=\"\/fr\/wp-json\/wp\/v2\/pages\/53924#wpcf7-f13749-o1\" method=\"post\" class=\"wpcf7-form init\" aria-label=\"Contact form\" novalidate=\"novalidate\" data-status=\"init\">\n<fieldset class=\"hidden-fields-container\"><input type=\"hidden\" name=\"_wpcf7\" value=\"13749\" \/><input type=\"hidden\" name=\"_wpcf7_version\" value=\"6.1.5\" \/><input type=\"hidden\" name=\"_wpcf7_locale\" value=\"en_US\" \/><input type=\"hidden\" name=\"_wpcf7_unit_tag\" value=\"wpcf7-f13749-o1\" \/><input type=\"hidden\" name=\"_wpcf7_container_post\" value=\"0\" \/><input type=\"hidden\" name=\"_wpcf7_posted_data_hash\" value=\"\" \/><input type=\"hidden\" name=\"_wpcf7_recaptcha_response\" value=\"\" \/>\n<\/fieldset>\n<p><label> Full Name*<br \/>\n<span class=\"wpcf7-form-control-wrap\" data-name=\"your-name\"><input size=\"40\" maxlength=\"400\" class=\"wpcf7-form-control wpcf7-text wpcf7-validates-as-required\" aria-required=\"true\" aria-invalid=\"false\" value=\"\" type=\"text\" name=\"your-name\" \/><\/span> <\/label>\n<\/p>\n<p><label> Email<br \/>\n<span class=\"wpcf7-form-control-wrap\" data-name=\"your-email\"><input size=\"40\" maxlength=\"400\" class=\"wpcf7-form-control wpcf7-email wpcf7-validates-as-required wpcf7-text wpcf7-validates-as-email\" aria-required=\"true\" aria-invalid=\"false\" value=\"\" type=\"email\" name=\"your-email\" \/><\/span> <\/label>\n<\/p>\n<p><label> City*<br \/>\n<span class=\"wpcf7-form-control-wrap\" data-name=\"your-city\"><select class=\"wpcf7-form-control wpcf7-select wpcf7-validates-as-required\" aria-required=\"true\" aria-invalid=\"false\" name=\"your-city\"><option value=\"Montreal\">Montreal<\/option><option value=\"Toronto\">Toronto<\/option><option value=\"Vancouver\">Vancouver<\/option><option value=\"Ottawa\">Ottawa<\/option><option value=\"Calgary\">Calgary<\/option><option value=\"Halifax\">Halifax<\/option><option value=\"Winnipeg\">Winnipeg<\/option><option value=\"Laval\">Laval<\/option><option value=\"Edmonton\">Edmonton<\/option><option value=\"Quebec City\">Quebec City<\/option><option value=\"Kanata\">Kanata<\/option><option value=\"Brossard\">Brossard<\/option><option value=\"Burnaby\">Burnaby<\/option><option value=\"Mississauga\">Mississauga<\/option><option value=\"North York\">North York<\/option><option value=\"Regina\">Regina<\/option><option value=\"Saskatoon\">Saskatoon<\/option><option value=\"St John\u2019s\">St John\u2019s<\/option><option value=\"Victoria\">Victoria<\/option><option value=\"Whistler\">Whistler<\/option><option value=\"UNITED STATES\">UNITED STATES<\/option><option value=\"Arlington\">Arlington<\/option><option value=\"Austin\">Austin<\/option><option value=\"Boston\">Boston<\/option><option value=\"Fremont\">Fremont<\/option><option value=\"Los Angeles\">Los Angeles<\/option><option value=\"New York City\">New York City<\/option><option value=\"St Louis\">St Louis<\/option><option value=\"AFRICA\">AFRICA<\/option><option value=\"EGYPT\">EGYPT<\/option><option value=\"Cairo\">Cairo<\/option><option value=\"New Cairo\">New Cairo<\/option><option value=\"NIGERIA\">NIGERIA<\/option><option value=\"Abuja\">Abuja<\/option><option value=\"ASIA\">ASIA<\/option><option value=\"CHINA\">CHINA<\/option><option value=\"Beijing\">Beijing<\/option><option value=\"Chongqing\">Chongqing<\/option><option value=\"Hefei\">Hefei<\/option><option value=\"Nantong\">Nantong<\/option><option value=\"Shanghai\">Shanghai<\/option><option value=\"Shenyang\">Shenyang<\/option><option value=\"Shenzhen\">Shenzhen<\/option><option value=\"Suzhou\">Suzhou<\/option><option value=\"Wuhan\">Wuhan<\/option><option value=\"Wuxi\">Wuxi<\/option><option value=\"Xi\u2019an\">Xi\u2019an<\/option><option value=\"INDONESIA\">INDONESIA<\/option><option value=\"Jakarta\">Jakarta<\/option><option value=\"JAPAN\">JAPAN<\/option><option value=\"MALAYSIA\">MALAYSIA<\/option><option value=\"Kuala Lumpur\">Kuala Lumpur<\/option><option value=\"QATAR\">QATAR<\/option><option value=\"Doha\">Doha<\/option><option value=\"UNITED ARAB EMIRATES\">UNITED ARAB EMIRATES<\/option><option value=\"Dubai\">Dubai<\/option><option value=\"CENTRAL AMERICA\">CENTRAL AMERICA<\/option><option value=\"COSTA RICA\">COSTA RICA<\/option><option value=\"Panama\">Panama<\/option><option value=\"Panama City\">Panama City<\/option><option value=\"EUROPE\">EUROPE<\/option><option value=\"AUSTRIA\">AUSTRIA<\/option><option value=\"Vienna\">Vienna<\/option><option value=\"Barcelona\">Barcelona<\/option><option value=\"Dublin\">Dublin<\/option><option value=\"ENGLAND\">ENGLAND<\/option><option value=\"Cambridge\">Cambridge<\/option><option value=\"London\">London<\/option><option value=\"Newcastle\">Newcastle<\/option><option value=\"FRANCE\">FRANCE<\/option><option value=\"Cannes\">Cannes<\/option><option value=\"Carcassonne\">Carcassonne<\/option><option value=\"Grenoble\">Grenoble<\/option><option value=\"Lannion\">Lannion<\/option><option value=\"Lille\">Lille<\/option><option value=\"Luxueil\">Luxueil<\/option><option value=\"Lyon\">Lyon<\/option><option value=\"Marseille\">Marseille<\/option><option value=\"Montpellier\">Montpellier<\/option><option value=\"Nantes\">Nantes<\/option><option value=\"Paris\">Paris<\/option><option value=\"Strasbourg\">Strasbourg<\/option><option value=\"Toulouse\">Toulouse<\/option><option value=\"Valence\">Valence<\/option><option value=\"GERMANY\">GERMANY<\/option><option value=\"Berlin\">Berlin<\/option><option value=\"Frankfurt\">Frankfurt<\/option><option value=\"Hamburg\">Hamburg<\/option><option value=\"Leipzig\">Leipzig<\/option><option value=\"Munich\">Munich<\/option><option value=\"GREECE\">GREECE<\/option><option value=\"Thessaloniki\">Thessaloniki<\/option><option value=\"POLAND\">POLAND<\/option><option value=\"Warsaw\">Warsaw<\/option><option value=\"SCOTLAND\">SCOTLAND<\/option><option value=\"Glasgow\">Glasgow<\/option><option value=\"SERBIA\">SERBIA<\/option><option value=\"Belgrade\">Belgrade<\/option><option value=\"Kragujevac\">Kragujevac<\/option><option value=\"SWITZERLAND\">SWITZERLAND<\/option><option value=\"Lausanne\">Lausanne<\/option><option value=\"Lucerne\">Lucerne<\/option><option value=\"Zug\">Zug<\/option><option value=\"TURKEY\">TURKEY<\/option><option value=\"Istanbul\">Istanbul<\/option><option value=\"NORTH AMERICA\">NORTH AMERICA<\/option><option value=\"MEXICO\">MEXICO<\/option><option value=\"Guadalajara\">Guadalajara<\/option><option value=\"Mexico City\">Mexico City<\/option><option value=\"SOUTH AMERICA\">SOUTH AMERICA<\/option><option value=\"CHILE\">CHILE<\/option><option value=\"Santiago\">Santiago<\/option><option value=\"URUGUAY\">URUGUAY<\/option><\/select><\/span> <\/label>\n<\/p>\n<p><label> Building*<br \/>\n<span class=\"wpcf7-form-control-wrap\" data-name=\"your-subject\"><input size=\"40\" maxlength=\"400\" class=\"wpcf7-form-control wpcf7-text wpcf7-validates-as-required\" aria-required=\"true\" aria-invalid=\"false\" value=\"\" type=\"text\" name=\"your-subject\" \/><\/span> <\/label>\n<\/p>\n<p><label> Unit Number*<br \/>\n<span class=\"wpcf7-form-control-wrap\" data-name=\"your-unit\"><input size=\"40\" maxlength=\"400\" class=\"wpcf7-form-control wpcf7-text wpcf7-validates-as-required\" aria-required=\"true\" aria-invalid=\"false\" value=\"\" type=\"text\" name=\"your-unit\" \/><\/span> <\/label>\n<\/p>\n<p><label> Reservation number*<br \/>\n<span class=\"wpcf7-form-control-wrap\" data-name=\"your-message\"><input size=\"40\" maxlength=\"400\" class=\"wpcf7-form-control wpcf7-text wpcf7-validates-as-required\" aria-required=\"true\" aria-invalid=\"false\" value=\"\" type=\"text\" name=\"your-message\" \/><\/span> <\/label>\n<\/p>\n<p style=\"text-align: center; background: #ebeceb; padding: 10px 20px;\">Do you want to keep your deposit so you won't have to pay it again on your next stay?<br \/>\n(This will also give you VIP status and a free apartment upgrade on your next stay)<br \/>\n<span class=\"wpcf7-form-control-wrap\" data-name=\"your-deposit\"><span class=\"wpcf7-form-control wpcf7-radio\"><span class=\"wpcf7-list-item first\"><label><input type=\"radio\" name=\"your-deposit\" value=\"Yes\" checked=\"checked\" \/><span class=\"wpcf7-list-item-label\">Yes<\/span><\/label><\/span><span class=\"wpcf7-list-item last\"><label><input type=\"radio\" name=\"your-deposit\" value=\"No\" \/><span class=\"wpcf7-list-item-label\">No<\/span><\/label><\/span><\/span><\/span>\n<\/p>\n<p style=\"text-align: center; padding: 10px 20px;\">Do you want to notify us of any damages that may occurred in the apartment during your stay?<br \/>\n<span class=\"wpcf7-form-control-wrap\" data-name=\"your-damage\"><span class=\"wpcf7-form-control wpcf7-radio\"><span class=\"wpcf7-list-item first\"><label><input type=\"radio\" name=\"your-damage\" value=\"Yes\" checked=\"checked\" \/><span class=\"wpcf7-list-item-label\">Yes<\/span><\/label><\/span><span class=\"wpcf7-list-item last\"><label><input type=\"radio\" name=\"your-damage\" value=\"No\" \/><span class=\"wpcf7-list-item-label\">No<\/span><\/label><\/span><\/span><\/span>\n<\/p>\n<p><span class=\"wpcf7-form-control-wrap\" data-name=\"your-damagedesc\"><input size=\"40\" maxlength=\"400\" class=\"wpcf7-form-control wpcf7-text\" aria-invalid=\"false\" placeholder=\"Please describe what was the issue\" value=\"\" type=\"text\" name=\"your-damagedesc\" \/><\/span>\n<\/p>\n<p style=\"text-align: center; background: #ebeceb; padding: 10px 20px;\">86% of our guest tips the housekeepers. Do you want to give 20$ tip? (This amount will be deducted from your deposit)<br \/>\n<span class=\"wpcf7-form-control-wrap\" data-name=\"your-tip\"><span class=\"wpcf7-form-control wpcf7-radio\"><span class=\"wpcf7-list-item first\"><label><input type=\"radio\" name=\"your-tip\" value=\"Yes\" checked=\"checked\" \/><span class=\"wpcf7-list-item-label\">Yes<\/span><\/label><\/span><span class=\"wpcf7-list-item last\"><label><input type=\"radio\" name=\"your-tip\" value=\"No\" \/><span class=\"wpcf7-list-item-label\">No<\/span><\/label><\/span><\/span><\/span>\n<\/p>\n<p style=\"text-align: center; padding: 10px 20px;\">We support a school with over 80 kids in Panama. Do you want to help us with a 20$ donation?<br \/>\n<a href=\"https:\/\/corporatestays.com\/en\/responsibility\/\">https:\/\/corporatestays.com\/en\/responsibility<\/a><br \/>\n(This amount will be deducted from your deposit)<br \/>\n<span class=\"wpcf7-form-control-wrap\" data-name=\"your-donation\"><span class=\"wpcf7-form-control wpcf7-radio\"><span class=\"wpcf7-list-item first\"><label><input type=\"radio\" name=\"your-donation\" value=\"Yes\" checked=\"checked\" \/><span class=\"wpcf7-list-item-label\">Yes<\/span><\/label><\/span><span class=\"wpcf7-list-item last\"><label><input type=\"radio\" name=\"your-donation\" value=\"No\" \/><span class=\"wpcf7-list-item-label\">No<\/span><\/label><\/span><\/span><\/span>\n<\/p>\n<p><span class=\"wpcf7-form-control-wrap\" data-name=\"your-consent\"><span class=\"wpcf7-form-control wpcf7-acceptance\"><span class=\"wpcf7-list-item\"><label><input type=\"checkbox\" name=\"your-consent\" value=\"1\" aria-invalid=\"false\" \/><span class=\"wpcf7-list-item-label\">I agree with the <a href=\"https:\/\/corporatestays.com\/en\/terms-and-conditions\/\" target=\"_blank\">Terms and Conditions<\/a>.<\/span><\/label><\/span><\/span><\/span>\n<\/p>\n<p><input class=\"wpcf7-form-control wpcf7-submit has-spinner\" type=\"submit\" value=\"Submit\" \/>\n<\/p><div class=\"wpcf7-response-output\" aria-hidden=\"true\"><\/div>\n<\/form>\n<\/div>\n\n\t<section class=\"section\" id=\"section_980894836\">\n\t\t<div class=\"bg section-bg fill bg-fill  bg-loaded\" >\n\n\t\t\t\n\t\t\t\n\t\t\t\n\n\t\t<\/div>\n\n\t\t\n\n\t\t<div class=\"section-content relative\">\n\t\t\t\n<div class=\"row\"  id=\"row-594927397\">\n\n\t<div id=\"col-1903365440\" class=\"col small-12 large-12\"  >\n\t\t\t\t<div class=\"col-inner text-center\"  >\n\t\t\t\n\t\t\t\n\t<div id=\"gap-1958753509\" class=\"gap-element clearfix\" style=\"display:block; height:auto;\">\n\t\t\n<style>\n#gap-1958753509 {\n  padding-top: 60px;\n}\n<\/style>\n\t<\/div>\n\t\n\t<div id=\"text-2277291843\" class=\"text\">\n\t\t\n<h4>Besoin d&#8217;aide ? <a style=\"color: #de3986\" href=\"https:\/\/api.whatsapp.com\/send\/?phone=%2B15142776464\" target=\"_blank\" rel=\"noopener\">Contactez-nous<\/a><\/h4>\n\t\t\n<style>\n#text-2277291843 {\n  text-align: center;\n}\n<\/style>\n\t<\/div>\n\t\n\t\t<\/div>\n\t\t\t\t\t<\/div>\n\n\t\n<\/div>\n\t\t<\/div>\n\n\t\t\n<style>\n#section_980894836 {\n  padding-top: 30px;\n  padding-bottom: 30px;\n}\n<\/style>\n\t<\/section>\n\t\n","protected":false},"excerpt":{"rendered":"<p>Voulez-vous r\u00e9cup\u00e9rer votre d\u00e9p\u00f4t de garantie ?<\/p>\n","protected":false},"author":14,"featured_media":0,"parent":0,"menu_order":0,"comment_status":"closed","ping_status":"closed","template":"","meta":{"footnotes":""},"class_list":["post-53924","page","type-page","status-publish","hentry"],"yoast_head":"<!-- This site is optimized with the Yoast SEO plugin v27.4 - https:\/\/yoast.com\/product\/yoast-seo-wordpress\/ -->\n<title>Restitution de votre d\u00e9p\u00f4t de garantie - [Shop] Corporate Stays: Beyond Business<\/title>\n<meta name=\"robots\" content=\"index, follow, max-snippet:-1, max-image-preview:large, max-video-preview:-1\" \/>\n<link rel=\"canonical\" href=\"https:\/\/shop.corporatestays.com\/fr\/restitution-de-votre-depot-de-garantie\/\" \/>\n<meta property=\"og:locale\" content=\"fr_FR\" \/>\n<meta property=\"og:type\" content=\"article\" \/>\n<meta property=\"og:title\" content=\"Restitution de votre d\u00e9p\u00f4t de garantie - [Shop] Corporate Stays: Beyond Business\" \/>\n<meta property=\"og:description\" content=\"Voulez-vous r\u00e9cup\u00e9rer votre d\u00e9p\u00f4t de garantie ?\" \/>\n<meta property=\"og:url\" content=\"https:\/\/shop.corporatestays.com\/fr\/restitution-de-votre-depot-de-garantie\/\" \/>\n<meta property=\"og:site_name\" content=\"[Shop] Corporate Stays: Beyond Business\" \/>\n<meta property=\"article:publisher\" content=\"https:\/\/www.facebook.com\/CorporateStays\/\" \/>\n<meta property=\"article:modified_time\" content=\"2024-02-17T14:31:51+00:00\" \/>\n<meta property=\"og:image\" content=\"https:\/\/shop.corporatestays.com\/wp-content\/uploads\/2020\/12\/logo-corporate-stays.png\" \/>\n\t<meta property=\"og:image:width\" content=\"500\" \/>\n\t<meta property=\"og:image:height\" content=\"131\" \/>\n\t<meta property=\"og:image:type\" content=\"image\/png\" \/>\n<meta name=\"twitter:card\" content=\"summary_large_image\" \/>\n<meta name=\"twitter:site\" content=\"@corporatestays\" \/>\n<script type=\"application\/ld+json\" class=\"yoast-schema-graph\">{\"@context\":\"https:\\\/\\\/schema.org\",\"@graph\":[{\"@type\":\"WebPage\",\"@id\":\"https:\\\/\\\/shop.corporatestays.com\\\/fr\\\/restitution-de-votre-depot-de-garantie\\\/\",\"url\":\"https:\\\/\\\/shop.corporatestays.com\\\/fr\\\/restitution-de-votre-depot-de-garantie\\\/\",\"name\":\"Restitution de votre d\u00e9p\u00f4t de garantie - [Shop] Corporate Stays: Beyond Business\",\"isPartOf\":{\"@id\":\"https:\\\/\\\/shop.corporatestays.com\\\/#website\"},\"datePublished\":\"2022-11-05T10:01:56+00:00\",\"dateModified\":\"2024-02-17T14:31:51+00:00\",\"breadcrumb\":{\"@id\":\"https:\\\/\\\/shop.corporatestays.com\\\/fr\\\/restitution-de-votre-depot-de-garantie\\\/#breadcrumb\"},\"inLanguage\":\"fr-FR\",\"potentialAction\":[{\"@type\":\"ReadAction\",\"target\":[\"https:\\\/\\\/shop.corporatestays.com\\\/fr\\\/restitution-de-votre-depot-de-garantie\\\/\"]}]},{\"@type\":\"BreadcrumbList\",\"@id\":\"https:\\\/\\\/shop.corporatestays.com\\\/fr\\\/restitution-de-votre-depot-de-garantie\\\/#breadcrumb\",\"itemListElement\":[{\"@type\":\"ListItem\",\"position\":1,\"name\":\"Home\",\"item\":\"https:\\\/\\\/shop.corporatestays.com\\\/fr\\\/accueil\\\/\"},{\"@type\":\"ListItem\",\"position\":2,\"name\":\"Restitution de votre d\u00e9p\u00f4t de garantie\"}]},{\"@type\":\"WebSite\",\"@id\":\"https:\\\/\\\/shop.corporatestays.com\\\/#website\",\"url\":\"https:\\\/\\\/shop.corporatestays.com\\\/\",\"name\":\"[Shop] Corporate Stays: Beyond Business\",\"description\":\"We match business travelers with unique places to stay\",\"publisher\":{\"@id\":\"https:\\\/\\\/shop.corporatestays.com\\\/#organization\"},\"potentialAction\":[{\"@type\":\"SearchAction\",\"target\":{\"@type\":\"EntryPoint\",\"urlTemplate\":\"https:\\\/\\\/shop.corporatestays.com\\\/?s={search_term_string}\"},\"query-input\":{\"@type\":\"PropertyValueSpecification\",\"valueRequired\":true,\"valueName\":\"search_term_string\"}}],\"inLanguage\":\"fr-FR\"},{\"@type\":\"Organization\",\"@id\":\"https:\\\/\\\/shop.corporatestays.com\\\/#organization\",\"name\":\"Corporate Stays\",\"url\":\"https:\\\/\\\/shop.corporatestays.com\\\/\",\"logo\":{\"@type\":\"ImageObject\",\"inLanguage\":\"fr-FR\",\"@id\":\"https:\\\/\\\/shop.corporatestays.com\\\/#\\\/schema\\\/logo\\\/image\\\/\",\"url\":\"https:\\\/\\\/shop.corporatestays.com\\\/wp-content\\\/uploads\\\/2020\\\/12\\\/logo-corporate-stays.png\",\"contentUrl\":\"https:\\\/\\\/shop.corporatestays.com\\\/wp-content\\\/uploads\\\/2020\\\/12\\\/logo-corporate-stays.png\",\"width\":500,\"height\":131,\"caption\":\"Corporate Stays\"},\"image\":{\"@id\":\"https:\\\/\\\/shop.corporatestays.com\\\/#\\\/schema\\\/logo\\\/image\\\/\"},\"sameAs\":[\"https:\\\/\\\/www.facebook.com\\\/CorporateStays\\\/\",\"https:\\\/\\\/x.com\\\/corporatestays\",\"https:\\\/\\\/www.instagram.com\\\/CORPORATESTAYS\\\/\",\"https:\\\/\\\/www.linkedin.com\\\/company\\\/corporatestays\"]}]}<\/script>\n<!-- \/ Yoast SEO plugin. -->","yoast_head_json":{"title":"Restitution de votre d\u00e9p\u00f4t de garantie - [Shop] Corporate Stays: Beyond Business","robots":{"index":"index","follow":"follow","max-snippet":"max-snippet:-1","max-image-preview":"max-image-preview:large","max-video-preview":"max-video-preview:-1"},"canonical":"https:\/\/shop.corporatestays.com\/fr\/restitution-de-votre-depot-de-garantie\/","og_locale":"fr_FR","og_type":"article","og_title":"Restitution de votre d\u00e9p\u00f4t de garantie - [Shop] Corporate Stays: Beyond Business","og_description":"Voulez-vous r\u00e9cup\u00e9rer votre d\u00e9p\u00f4t de garantie ?","og_url":"https:\/\/shop.corporatestays.com\/fr\/restitution-de-votre-depot-de-garantie\/","og_site_name":"[Shop] Corporate Stays: Beyond Business","article_publisher":"https:\/\/www.facebook.com\/CorporateStays\/","article_modified_time":"2024-02-17T14:31:51+00:00","og_image":[{"width":500,"height":131,"url":"https:\/\/shop.corporatestays.com\/wp-content\/uploads\/2020\/12\/logo-corporate-stays.png","type":"image\/png"}],"twitter_card":"summary_large_image","twitter_site":"@corporatestays","schema":{"@context":"https:\/\/schema.org","@graph":[{"@type":"WebPage","@id":"https:\/\/shop.corporatestays.com\/fr\/restitution-de-votre-depot-de-garantie\/","url":"https:\/\/shop.corporatestays.com\/fr\/restitution-de-votre-depot-de-garantie\/","name":"Restitution de votre d\u00e9p\u00f4t de garantie - [Shop] Corporate Stays: Beyond Business","isPartOf":{"@id":"https:\/\/shop.corporatestays.com\/#website"},"datePublished":"2022-11-05T10:01:56+00:00","dateModified":"2024-02-17T14:31:51+00:00","breadcrumb":{"@id":"https:\/\/shop.corporatestays.com\/fr\/restitution-de-votre-depot-de-garantie\/#breadcrumb"},"inLanguage":"fr-FR","potentialAction":[{"@type":"ReadAction","target":["https:\/\/shop.corporatestays.com\/fr\/restitution-de-votre-depot-de-garantie\/"]}]},{"@type":"BreadcrumbList","@id":"https:\/\/shop.corporatestays.com\/fr\/restitution-de-votre-depot-de-garantie\/#breadcrumb","itemListElement":[{"@type":"ListItem","position":1,"name":"Home","item":"https:\/\/shop.corporatestays.com\/fr\/accueil\/"},{"@type":"ListItem","position":2,"name":"Restitution de votre d\u00e9p\u00f4t de garantie"}]},{"@type":"WebSite","@id":"https:\/\/shop.corporatestays.com\/#website","url":"https:\/\/shop.corporatestays.com\/","name":"[Shop] Corporate Stays: Beyond Business","description":"We match business travelers with unique places to stay","publisher":{"@id":"https:\/\/shop.corporatestays.com\/#organization"},"potentialAction":[{"@type":"SearchAction","target":{"@type":"EntryPoint","urlTemplate":"https:\/\/shop.corporatestays.com\/?s={search_term_string}"},"query-input":{"@type":"PropertyValueSpecification","valueRequired":true,"valueName":"search_term_string"}}],"inLanguage":"fr-FR"},{"@type":"Organization","@id":"https:\/\/shop.corporatestays.com\/#organization","name":"Corporate Stays","url":"https:\/\/shop.corporatestays.com\/","logo":{"@type":"ImageObject","inLanguage":"fr-FR","@id":"https:\/\/shop.corporatestays.com\/#\/schema\/logo\/image\/","url":"https:\/\/shop.corporatestays.com\/wp-content\/uploads\/2020\/12\/logo-corporate-stays.png","contentUrl":"https:\/\/shop.corporatestays.com\/wp-content\/uploads\/2020\/12\/logo-corporate-stays.png","width":500,"height":131,"caption":"Corporate Stays"},"image":{"@id":"https:\/\/shop.corporatestays.com\/#\/schema\/logo\/image\/"},"sameAs":["https:\/\/www.facebook.com\/CorporateStays\/","https:\/\/x.com\/corporatestays","https:\/\/www.instagram.com\/CORPORATESTAYS\/","https:\/\/www.linkedin.com\/company\/corporatestays"]}]}},"_links":{"self":[{"href":"https:\/\/shop.corporatestays.com\/fr\/wp-json\/wp\/v2\/pages\/53924","targetHints":{"allow":["GET"]}}],"collection":[{"href":"https:\/\/shop.corporatestays.com\/fr\/wp-json\/wp\/v2\/pages"}],"about":[{"href":"https:\/\/shop.corporatestays.com\/fr\/wp-json\/wp\/v2\/types\/page"}],"author":[{"embeddable":true,"href":"https:\/\/shop.corporatestays.com\/fr\/wp-json\/wp\/v2\/users\/14"}],"replies":[{"embeddable":true,"href":"https:\/\/shop.corporatestays.com\/fr\/wp-json\/wp\/v2\/comments?post=53924"}],"version-history":[{"count":3,"href":"https:\/\/shop.corporatestays.com\/fr\/wp-json\/wp\/v2\/pages\/53924\/revisions"}],"predecessor-version":[{"id":53927,"href":"https:\/\/shop.corporatestays.com\/fr\/wp-json\/wp\/v2\/pages\/53924\/revisions\/53927"}],"wp:attachment":[{"href":"https:\/\/shop.corporatestays.com\/fr\/wp-json\/wp\/v2\/media?parent=53924"}],"curies":[{"name":"wp","href":"https:\/\/api.w.org\/{rel}","templated":true}]}}