{"id":53906,"date":"2021-06-11T13:15:49","date_gmt":"2021-06-11T18:15:49","guid":{"rendered":"https:\/\/shop.corporatestays.com\/location-de-voiture\/"},"modified":"2021-06-11T13:15:49","modified_gmt":"2021-06-11T18:15:49","slug":"location-de-voiture","status":"publish","type":"page","link":"https:\/\/shop.corporatestays.com\/fr\/location-de-voiture\/","title":{"rendered":"Location de voiture"},"content":{"rendered":"[et_pb_section fb_built=&#8221;1&#8243; admin_label=&#8221;Hero section&#8221; _builder_version=&#8221;4.9.6&#8243; use_background_color_gradient=&#8221;on&#8221; background_color_gradient_start=&#8221;rgba(150,105,97,0.67)&#8221; background_color_gradient_end=&#8221;rgba(2,0,76,0.84)&#8221; background_color_gradient_overlays_image=&#8221;on&#8221; background_image=&#8221;https:\/\/shop.corporatestays.com\/wp-content\/uploads\/2021\/06\/Car-Rental-Corporate-Stays-1.jpg&#8221; custom_margin=&#8221;|||&#8221; custom_margin_last_edited=&#8221;off|desktop&#8221; custom_padding=&#8221;0px||0px||false|false&#8221; locked=&#8221;off&#8221; global_colors_info=&#8221;{}&#8221;][et_pb_row _builder_version=&#8221;4.9.4&#8243; module_alignment=&#8221;center&#8221; custom_margin=&#8221;|||&#8221; custom_padding=&#8221;45px|||||&#8221; global_colors_info=&#8221;{}&#8221;][et_pb_column type=&#8221;4_4&#8243; _builder_version=&#8221;4.9.4&#8243; custom_padding=&#8221;1px|||&#8221; global_colors_info=&#8221;{}&#8221; custom_padding__hover=&#8221;|||&#8221;][et_pb_cta title=&#8221;Location de voiture&#8221; _builder_version=&#8221;4.9.6&#8243; header_level=&#8221;h5&#8243; header_font=&#8221;Lato|900||on|||||&#8221; header_text_align=&#8221;center&#8221; header_font_size=&#8221;76px&#8221; header_letter_spacing=&#8221;2px&#8221; header_line_height=&#8221;1.2em&#8221; body_font=&#8221;Lato||||||||&#8221; body_text_align=&#8221;center&#8221; body_font_size=&#8221;20px&#8221; body_line_height=&#8221;1.8em&#8221; body_link_text_align=&#8221;center&#8221; body_ul_text_align=&#8221;center&#8221; body_ol_text_align=&#8221;center&#8221; body_quote_text_align=&#8221;center&#8221; use_background_color=&#8221;off&#8221; custom_button=&#8221;on&#8221; button_text_size=&#8221;16px&#8221; button_text_color=&#8221;#FFFFFF&#8221; button_bg_color=&#8221;#000000&#8243; button_border_width=&#8221;6px&#8221; button_border_color=&#8221;#000000&#8243; button_border_radius=&#8221;5px&#8221; button_letter_spacing=&#8221;2px&#8221; button_font=&#8221;Lato|900||on|||||&#8221; button_alignment=&#8221;center&#8221; max_width=&#8221;750px&#8221; module_alignment=&#8221;center&#8221; custom_margin=&#8221;0px|0px|0px|0px|false|false&#8221; custom_padding=&#8221;0px|0px|0px|0px|false|false&#8221; animation_style=&#8221;fold&#8221; animation_intensity_fold=&#8221;16%&#8221; header_font_size_tablet=&#8221;46px&#8221; header_font_size_phone=&#8221;&#8221; header_font_size_last_edited=&#8221;on|tablet&#8221; header_text_shadow_style=&#8221;preset1&#8243; header_text_shadow_blur_strength=&#8221;0.6em&#8221; header_text_shadow_color=&#8221;rgba(0,0,0,0.6)&#8221; button_letter_spacing_hover=&#8221;2px&#8221; global_colors_info=&#8221;{}&#8221; button_text_size__hover_enabled=&#8221;off&#8221; button_one_text_size__hover_enabled=&#8221;off&#8221; button_two_text_size__hover_enabled=&#8221;off&#8221; button_text_color__hover_enabled=&#8221;off&#8221; button_one_text_color__hover_enabled=&#8221;off&#8221; button_two_text_color__hover_enabled=&#8221;off&#8221; button_border_width__hover_enabled=&#8221;off&#8221; button_one_border_width__hover_enabled=&#8221;off&#8221; button_two_border_width__hover_enabled=&#8221;off&#8221; button_border_color__hover_enabled=&#8221;off&#8221; button_one_border_color__hover_enabled=&#8221;off&#8221; button_two_border_color__hover_enabled=&#8221;off&#8221; button_border_radius__hover_enabled=&#8221;off&#8221; button_one_border_radius__hover_enabled=&#8221;off&#8221; button_two_border_radius__hover_enabled=&#8221;off&#8221; button_letter_spacing__hover_enabled=&#8221;on&#8221; button_letter_spacing__hover=&#8221;2px&#8221; button_one_letter_spacing__hover_enabled=&#8221;off&#8221; button_two_letter_spacing__hover_enabled=&#8221;off&#8221; button_bg_color__hover_enabled=&#8221;off&#8221; button_one_bg_color__hover_enabled=&#8221;off&#8221; button_two_bg_color__hover_enabled=&#8221;off&#8221;]\n<p> Vous souhaitez louer une voiture pendant votre s\u00e9jour ? Nous nous ferons un plaisir de vous fournir un v\u00e9hicule \u00e0 la date et \u00e0 l&#8217;heure qui vous conviennent.<\/p>\n<p>&nbsp;<\/p>\n[\/et_pb_cta][\/et_pb_column][\/et_pb_row][\/et_pb_section][et_pb_section fb_built=&#8221;1&#8243; _builder_version=&#8221;4.9.6&#8243; _module_preset=&#8221;default&#8221; global_colors_info=&#8221;{}&#8221;][et_pb_row _builder_version=&#8221;4.9.6&#8243; _module_preset=&#8221;default&#8221; global_colors_info=&#8221;{}&#8221;][et_pb_column type=&#8221;4_4&#8243; _builder_version=&#8221;4.9.6&#8243; _module_preset=&#8221;default&#8221; global_colors_info=&#8221;{}&#8221;][\/et_pb_column][\/et_pb_row][et_pb_row _builder_version=&#8221;4.9.7&#8243; _module_preset=&#8221;default&#8221; global_colors_info=&#8221;{}&#8221;][et_pb_column type=&#8221;4_4&#8243; _builder_version=&#8221;4.9.6&#8243; _module_preset=&#8221;default&#8221; global_colors_info=&#8221;{}&#8221;][et_pb_text _builder_version=&#8221;4.9.7&#8243; _module_preset=&#8221;default&#8221; text_font=&#8221;Poppins|300|||||||&#8221; text_font_size=&#8221;17px&#8221; header_font=&#8221;Poppins||||||||&#8221; header_text_align=&#8221;center&#8221; header_3_font=&#8221;Poppins||||||||&#8221; header_3_text_align=&#8221;center&#8221; width=&#8221;59%&#8221; module_alignment=&#8221;center&#8221; global_colors_info=&#8221;{}&#8221;]\n<h3><strong>\u00c0 quoi vous attendre ?<\/strong><\/h3>\n<p><strong><\/strong><\/p>\n<p style=\"text-align: justify;\">Chez Corporate stays, nous proposons des services de location de voitures pour r\u00e9pondre aux besoins de nos clients. Nous voulons nous assurer que votre exp\u00e9rience est compl\u00e8te. Cela inclut l&#8217;acc\u00e8s \u00e0 des moyens de transport priv\u00e9s si cela s&#8217;av\u00e8re n\u00e9cessaire.<\/p>\n[\/et_pb_text][\/et_pb_column][\/et_pb_row][\/et_pb_section][et_pb_section fb_built=&#8221;1&#8243; _builder_version=&#8221;4.9.6&#8243; _module_preset=&#8221;default&#8221; global_colors_info=&#8221;{}&#8221;][et_pb_row column_structure=&#8221;1_3,1_3,1_3&#8243; _builder_version=&#8221;4.9.6&#8243; _module_preset=&#8221;default&#8221; width=&#8221;66%&#8221; global_colors_info=&#8221;{}&#8221;][et_pb_column type=&#8221;1_3&#8243; _builder_version=&#8221;4.9.6&#8243; _module_preset=&#8221;default&#8221; global_colors_info=&#8221;{}&#8221;][et_pb_blurb title=&#8221;Facile et sans tracas&#8221; image=&#8221;https:\/\/shop.corporatestays.com\/wp-content\/uploads\/2021\/06\/easy-and-hassle-free.jpg&#8221; alt=&#8221;Location de voiture facile Corporate Stays&#8221; _builder_version=&#8221;4.13.0&#8243; _module_preset=&#8221;default&#8221; header_font=&#8221;|600|||||||&#8221; header_text_align=&#8221;center&#8221; global_colors_info=&#8221;{}&#8221;][\/et_pb_blurb][\/et_pb_column][et_pb_column type=&#8221;1_3&#8243; _builder_version=&#8221;4.9.6&#8243; _module_preset=&#8221;default&#8221; global_colors_info=&#8221;{}&#8221;][et_pb_blurb title=&#8221;Processus rapide&#8221; image=&#8221;https:\/\/shop.corporatestays.com\/wp-content\/uploads\/2021\/06\/quick-process.jpg&#8221; _builder_version=&#8221;4.13.0&#8243; _module_preset=&#8221;default&#8221; header_font=&#8221;|600|||||||&#8221; header_text_align=&#8221;center&#8221; global_colors_info=&#8221;{}&#8221;][\/et_pb_blurb][\/et_pb_column][et_pb_column type=&#8221;1_3&#8243; _builder_version=&#8221;4.9.6&#8243; _module_preset=&#8221;default&#8221; global_colors_info=&#8221;{}&#8221;][et_pb_blurb title=&#8221;Navette aller-retour sans contact&#8221; image=&#8221;https:\/\/shop.corporatestays.com\/wp-content\/uploads\/2021\/06\/contactless-pick-up-and-drop-off.jpg&#8221; _builder_version=&#8221;4.13.0&#8243; _module_preset=&#8221;default&#8221; header_font=&#8221;|600|||||||&#8221; header_text_align=&#8221;center&#8221; global_colors_info=&#8221;{}&#8221;][\/et_pb_blurb][\/et_pb_column][\/et_pb_row][et_pb_row column_structure=&#8221;1_3,1_3,1_3&#8243; _builder_version=&#8221;4.9.6&#8243; _module_preset=&#8221;default&#8221; width=&#8221;66%&#8221; global_colors_info=&#8221;{}&#8221;][et_pb_column type=&#8221;1_3&#8243; _builder_version=&#8221;4.9.6&#8243; _module_preset=&#8221;default&#8221; global_colors_info=&#8221;{}&#8221;][et_pb_blurb title=&#8221;Prix abordables &#8221; image=&#8221;https:\/\/shop.corporatestays.com\/wp-content\/uploads\/2021\/06\/affordable.jpg&#8221; _builder_version=&#8221;4.13.0&#8243; _module_preset=&#8221;default&#8221; header_font=&#8221;|600|||||||&#8221; header_text_align=&#8221;center&#8221; global_colors_info=&#8221;{}&#8221;][\/et_pb_blurb][\/et_pb_column][et_pb_column type=&#8221;1_3&#8243; _builder_version=&#8221;4.9.6&#8243; _module_preset=&#8221;default&#8221; global_colors_info=&#8221;{}&#8221;][et_pb_blurb title=&#8221;Nettoyage professionnel&#8221; image=&#8221;https:\/\/shop.corporatestays.com\/wp-content\/uploads\/2021\/06\/clean-car-1.jpg&#8221; _builder_version=&#8221;4.13.0&#8243; _module_preset=&#8221;default&#8221; header_font=&#8221;|600|||||||&#8221; header_text_align=&#8221;center&#8221; global_colors_info=&#8221;{}&#8221;][\/et_pb_blurb][\/et_pb_column][et_pb_column type=&#8221;1_3&#8243; _builder_version=&#8221;4.9.6&#8243; _module_preset=&#8221;default&#8221; global_colors_info=&#8221;{}&#8221;][et_pb_blurb title=&#8221;Confortable et spacieux &#8221; image=&#8221;https:\/\/shop.corporatestays.com\/wp-content\/uploads\/2021\/06\/comfortable-and-spacious.jpg&#8221; _builder_version=&#8221;4.13.0&#8243; _module_preset=&#8221;default&#8221; header_font=&#8221;|600|||||||&#8221; header_text_align=&#8221;center&#8221; global_colors_info=&#8221;{}&#8221;][\/et_pb_blurb][\/et_pb_column][\/et_pb_row][et_pb_row _builder_version=&#8221;4.9.6&#8243; _module_preset=&#8221;default&#8221; global_colors_info=&#8221;{}&#8221;][et_pb_column type=&#8221;4_4&#8243; _builder_version=&#8221;4.9.6&#8243; _module_preset=&#8221;default&#8221; global_colors_info=&#8221;{}&#8221;][et_pb_text _builder_version=&#8221;4.9.6&#8243; _module_preset=&#8221;default&#8221; header_3_text_align=&#8221;center&#8221; header_3_text_color=&#8221;#e6559b&#8221; global_colors_info=&#8221;{}&#8221;]\n<h3><strong>\u00c0 partir de 40 $ par jour !<\/strong><\/h3>\n[\/et_pb_text][\/et_pb_column][\/et_pb_row][et_pb_row _builder_version=&#8221;4.9.6&#8243; _module_preset=&#8221;default&#8221; global_colors_info=&#8221;{}&#8221;][et_pb_column type=&#8221;4_4&#8243; _builder_version=&#8221;4.9.6&#8243; _module_preset=&#8221;default&#8221; global_colors_info=&#8221;{}&#8221;][et_pb_button button_url=&#8221;www.corporatecars.ca&#8221; url_new_window=&#8221;on&#8221; button_text=&#8221;RENT YOUR CAR&#8221; button_alignment=&#8221;center&#8221; _builder_version=&#8221;4.13.1&#8243; _module_preset=&#8221;default&#8221; custom_button=&#8221;on&#8221; button_text_size=&#8221;15px&#8221; button_font=&#8221;Poppins|600||on|||||&#8221; button_use_icon=&#8221;off&#8221; hover_enabled=&#8221;0&#8243; global_colors_info=&#8221;{}&#8221; sticky_enabled=&#8221;0&#8243;][\/et_pb_button][\/et_pb_column][\/et_pb_row][\/et_pb_section][et_pb_section fb_built=&#8221;1&#8243; _builder_version=&#8221;4.9.6&#8243; _module_preset=&#8221;default&#8221; global_colors_info=&#8221;{}&#8221;][et_pb_row _builder_version=&#8221;4.13.1&#8243; _module_preset=&#8221;default&#8221;][et_pb_column _builder_version=&#8221;4.13.1&#8243; _module_preset=&#8221;default&#8221; type=&#8221;4_4&#8243;][et_pb_text _builder_version=&#8221;4.13.1&#8243; _module_preset=&#8221;default&#8221; text_font=&#8221;Poppins|300|||||||&#8221; text_font_size=&#8221;17px&#8221; header_font=&#8221;Poppins||||||||&#8221; header_text_align=&#8221;center&#8221; header_3_font=&#8221;Poppins||||||||&#8221; header_3_text_align=&#8221;center&#8221; width=&#8221;59%&#8221; module_alignment=&#8221;center&#8221; hover_enabled=&#8221;0&#8243; global_colors_info=&#8221;{}&#8221; sticky_enabled=&#8221;0&#8243;]\n<h3 style=\"text-align: center;\"><strong>Contactez-nous<\/strong><\/h3>\n<p style=\"text-align: center;\"><a href=\"mailto:booking@corporatecars.ca\">booking@corporatecars.ca<\/a><\/p>\n<p style=\"text-align: justify;\">[\/et_pb_text][\/et_pb_column][\/et_pb_row][\/et_pb_section]\n","protected":false},"excerpt":{"rendered":"[et_pb_section fb_built=&#8221;1&#8243; admin_label=&#8221;Hero section&#8221; _builder_version=&#8221;4.9.6&#8243; use_background_color_gradient=&#8221;on&#8221; background_color_gradient_start=&#8221;rgba(150,105,97,0.67)&#8221; background_color_gradient_end=&#8221;rgba(2,0,76,0.84)&#8221; background_color_gradient_overlays_image=&#8221;on&#8221; background_image=&#8221;https:\/\/shop.corporatestays.com\/wp-content\/uploads\/2021\/06\/Car-Rental-Corporate-Stays-1.jpg&#8221; custom_margin=&#8221;|||&#8221; custom_margin_last_edited=&#8221;off|desktop&#8221; custom_padding=&#8221;0px||0px||false|false&#8221; locked=&#8221;off&#8221; global_colors_info=&#8221;{}&#8221;][et_pb_row _builder_version=&#8221;4.9.4&#8243; module_alignment=&#8221;center&#8221; custom_margin=&#8221;|||&#8221; custom_padding=&#8221;45px|||||&#8221; global_colors_info=&#8221;{}&#8221;][et_pb_column type=&#8221;4_4&#8243; _builder_version=&#8221;4.9.4&#8243; custom_padding=&#8221;1px|||&#8221; global_colors_info=&#8221;{}&#8221; custom_padding__hover=&#8221;|||&#8221;][et_pb_cta title=&#8221;Location de voiture&#8221; _builder_version=&#8221;4.9.6&#8243; header_level=&#8221;h5&#8243; header_font=&#8221;Lato|900||on|||||&#8221; header_text_align=&#8221;center&#8221; header_font_size=&#8221;76px&#8221; header_letter_spacing=&#8221;2px&#8221; header_line_height=&#8221;1.2em&#8221; body_font=&#8221;Lato||||||||&#8221; body_text_align=&#8221;center&#8221; body_font_size=&#8221;20px&#8221; body_line_height=&#8221;1.8em&#8221; body_link_text_align=&#8221;center&#8221; body_ul_text_align=&#8221;center&#8221; body_ol_text_align=&#8221;center&#8221; body_quote_text_align=&#8221;center&#8221; use_background_color=&#8221;off&#8221; custom_button=&#8221;on&#8221; button_text_size=&#8221;16px&#8221; button_text_color=&#8221;#FFFFFF&#8221; button_bg_color=&#8221;#000000&#8243; button_border_width=&#8221;6px&#8221; button_border_color=&#8221;#000000&#8243; button_border_radius=&#8221;5px&#8221; button_letter_spacing=&#8221;2px&#8221; button_font=&#8221;Lato|900||on|||||&#8221; button_alignment=&#8221;center&#8221; max_width=&#8221;750px&#8221; [&#8230;]\n","protected":false},"author":14,"featured_media":0,"parent":0,"menu_order":0,"comment_status":"closed","ping_status":"closed","template":"","meta":{"footnotes":""},"class_list":["post-53906","page","type-page","status-publish","hentry"],"yoast_head":"<!-- This site is optimized with the Yoast SEO plugin v27.3 - https:\/\/yoast.com\/product\/yoast-seo-wordpress\/ -->\n<title>Location de voiture - [Shop] Corporate Stays: Beyond Business<\/title>\n<meta name=\"description\" content=\"Vous souhaitez louer une voiture pendant votre s\u00e9jour ? Nous nous ferons un plaisir de vous fournir un v\u00e9hicule \u00e0 la date et \u00e0 l&#039;heure qui vous conviennent.\" \/>\n<meta name=\"robots\" content=\"index, follow, max-snippet:-1, max-image-preview:large, max-video-preview:-1\" \/>\n<link rel=\"canonical\" href=\"https:\/\/shop.corporatestays.com\/fr\/location-de-voiture\/\" \/>\n<meta property=\"og:locale\" content=\"fr_FR\" \/>\n<meta property=\"og:type\" content=\"article\" \/>\n<meta property=\"og:title\" content=\"Location de voiture - [Shop] Corporate Stays: Beyond Business\" \/>\n<meta property=\"og:description\" content=\"Vous souhaitez louer une voiture pendant votre s\u00e9jour ? Nous nous ferons un plaisir de vous fournir un v\u00e9hicule \u00e0 la date et \u00e0 l&#039;heure qui vous conviennent.\" \/>\n<meta property=\"og:url\" content=\"https:\/\/shop.corporatestays.com\/fr\/location-de-voiture\/\" \/>\n<meta property=\"og:site_name\" content=\"[Shop] Corporate Stays: Beyond Business\" \/>\n<meta property=\"article:publisher\" content=\"https:\/\/www.facebook.com\/CorporateStays\/\" \/>\n<meta property=\"og:image\" content=\"https:\/\/shop.corporatestays.com\/wp-content\/uploads\/2020\/12\/logo-corporate-stays.png\" \/>\n\t<meta property=\"og:image:width\" content=\"500\" \/>\n\t<meta property=\"og:image:height\" content=\"131\" \/>\n\t<meta property=\"og:image:type\" content=\"image\/png\" \/>\n<meta name=\"twitter:card\" content=\"summary_large_image\" \/>\n<meta name=\"twitter:site\" content=\"@corporatestays\" \/>\n<meta name=\"twitter:label1\" content=\"Est. reading time\" \/>\n\t<meta name=\"twitter:data1\" content=\"6 minutes\" \/>\n<script type=\"application\/ld+json\" class=\"yoast-schema-graph\">{\"@context\":\"https:\\\/\\\/schema.org\",\"@graph\":[{\"@type\":\"WebPage\",\"@id\":\"https:\\\/\\\/shop.corporatestays.com\\\/fr\\\/location-de-voiture\\\/\",\"url\":\"https:\\\/\\\/shop.corporatestays.com\\\/fr\\\/location-de-voiture\\\/\",\"name\":\"Location de voiture - [Shop] Corporate Stays: Beyond Business\",\"isPartOf\":{\"@id\":\"https:\\\/\\\/shop.corporatestays.com\\\/#website\"},\"datePublished\":\"2021-06-11T18:15:49+00:00\",\"description\":\"Vous souhaitez louer une voiture pendant votre s\u00e9jour ? Nous nous ferons un plaisir de vous fournir un v\u00e9hicule \u00e0 la date et \u00e0 l'heure qui vous conviennent.\",\"breadcrumb\":{\"@id\":\"https:\\\/\\\/shop.corporatestays.com\\\/fr\\\/location-de-voiture\\\/#breadcrumb\"},\"inLanguage\":\"fr-FR\",\"potentialAction\":[{\"@type\":\"ReadAction\",\"target\":[\"https:\\\/\\\/shop.corporatestays.com\\\/fr\\\/location-de-voiture\\\/\"]}]},{\"@type\":\"BreadcrumbList\",\"@id\":\"https:\\\/\\\/shop.corporatestays.com\\\/fr\\\/location-de-voiture\\\/#breadcrumb\",\"itemListElement\":[{\"@type\":\"ListItem\",\"position\":1,\"name\":\"Home\",\"item\":\"https:\\\/\\\/shop.corporatestays.com\\\/fr\\\/accueil\\\/\"},{\"@type\":\"ListItem\",\"position\":2,\"name\":\"Location de voiture\"}]},{\"@type\":\"WebSite\",\"@id\":\"https:\\\/\\\/shop.corporatestays.com\\\/#website\",\"url\":\"https:\\\/\\\/shop.corporatestays.com\\\/\",\"name\":\"[Shop] Corporate Stays: Beyond Business\",\"description\":\"We match business travelers with unique places to stay\",\"publisher\":{\"@id\":\"https:\\\/\\\/shop.corporatestays.com\\\/#organization\"},\"potentialAction\":[{\"@type\":\"SearchAction\",\"target\":{\"@type\":\"EntryPoint\",\"urlTemplate\":\"https:\\\/\\\/shop.corporatestays.com\\\/?s={search_term_string}\"},\"query-input\":{\"@type\":\"PropertyValueSpecification\",\"valueRequired\":true,\"valueName\":\"search_term_string\"}}],\"inLanguage\":\"fr-FR\"},{\"@type\":\"Organization\",\"@id\":\"https:\\\/\\\/shop.corporatestays.com\\\/#organization\",\"name\":\"Corporate Stays\",\"url\":\"https:\\\/\\\/shop.corporatestays.com\\\/\",\"logo\":{\"@type\":\"ImageObject\",\"inLanguage\":\"fr-FR\",\"@id\":\"https:\\\/\\\/shop.corporatestays.com\\\/#\\\/schema\\\/logo\\\/image\\\/\",\"url\":\"https:\\\/\\\/shop.corporatestays.com\\\/wp-content\\\/uploads\\\/2020\\\/12\\\/logo-corporate-stays.png\",\"contentUrl\":\"https:\\\/\\\/shop.corporatestays.com\\\/wp-content\\\/uploads\\\/2020\\\/12\\\/logo-corporate-stays.png\",\"width\":500,\"height\":131,\"caption\":\"Corporate Stays\"},\"image\":{\"@id\":\"https:\\\/\\\/shop.corporatestays.com\\\/#\\\/schema\\\/logo\\\/image\\\/\"},\"sameAs\":[\"https:\\\/\\\/www.facebook.com\\\/CorporateStays\\\/\",\"https:\\\/\\\/x.com\\\/corporatestays\",\"https:\\\/\\\/www.instagram.com\\\/CORPORATESTAYS\\\/\",\"https:\\\/\\\/www.linkedin.com\\\/company\\\/corporatestays\"]}]}<\/script>\n<!-- \/ Yoast SEO plugin. -->","yoast_head_json":{"title":"Location de voiture - [Shop] Corporate Stays: Beyond Business","description":"Vous souhaitez louer une voiture pendant votre s\u00e9jour ? Nous nous ferons un plaisir de vous fournir un v\u00e9hicule \u00e0 la date et \u00e0 l'heure qui vous conviennent.","robots":{"index":"index","follow":"follow","max-snippet":"max-snippet:-1","max-image-preview":"max-image-preview:large","max-video-preview":"max-video-preview:-1"},"canonical":"https:\/\/shop.corporatestays.com\/fr\/location-de-voiture\/","og_locale":"fr_FR","og_type":"article","og_title":"Location de voiture - [Shop] Corporate Stays: Beyond Business","og_description":"Vous souhaitez louer une voiture pendant votre s\u00e9jour ? Nous nous ferons un plaisir de vous fournir un v\u00e9hicule \u00e0 la date et \u00e0 l'heure qui vous conviennent.","og_url":"https:\/\/shop.corporatestays.com\/fr\/location-de-voiture\/","og_site_name":"[Shop] Corporate Stays: Beyond Business","article_publisher":"https:\/\/www.facebook.com\/CorporateStays\/","og_image":[{"width":500,"height":131,"url":"https:\/\/shop.corporatestays.com\/wp-content\/uploads\/2020\/12\/logo-corporate-stays.png","type":"image\/png"}],"twitter_card":"summary_large_image","twitter_site":"@corporatestays","twitter_misc":{"Est. reading time":"6 minutes"},"schema":{"@context":"https:\/\/schema.org","@graph":[{"@type":"WebPage","@id":"https:\/\/shop.corporatestays.com\/fr\/location-de-voiture\/","url":"https:\/\/shop.corporatestays.com\/fr\/location-de-voiture\/","name":"Location de voiture - [Shop] Corporate Stays: Beyond Business","isPartOf":{"@id":"https:\/\/shop.corporatestays.com\/#website"},"datePublished":"2021-06-11T18:15:49+00:00","description":"Vous souhaitez louer une voiture pendant votre s\u00e9jour ? Nous nous ferons un plaisir de vous fournir un v\u00e9hicule \u00e0 la date et \u00e0 l'heure qui vous conviennent.","breadcrumb":{"@id":"https:\/\/shop.corporatestays.com\/fr\/location-de-voiture\/#breadcrumb"},"inLanguage":"fr-FR","potentialAction":[{"@type":"ReadAction","target":["https:\/\/shop.corporatestays.com\/fr\/location-de-voiture\/"]}]},{"@type":"BreadcrumbList","@id":"https:\/\/shop.corporatestays.com\/fr\/location-de-voiture\/#breadcrumb","itemListElement":[{"@type":"ListItem","position":1,"name":"Home","item":"https:\/\/shop.corporatestays.com\/fr\/accueil\/"},{"@type":"ListItem","position":2,"name":"Location de voiture"}]},{"@type":"WebSite","@id":"https:\/\/shop.corporatestays.com\/#website","url":"https:\/\/shop.corporatestays.com\/","name":"[Shop] Corporate Stays: Beyond Business","description":"We match business travelers with unique places to stay","publisher":{"@id":"https:\/\/shop.corporatestays.com\/#organization"},"potentialAction":[{"@type":"SearchAction","target":{"@type":"EntryPoint","urlTemplate":"https:\/\/shop.corporatestays.com\/?s={search_term_string}"},"query-input":{"@type":"PropertyValueSpecification","valueRequired":true,"valueName":"search_term_string"}}],"inLanguage":"fr-FR"},{"@type":"Organization","@id":"https:\/\/shop.corporatestays.com\/#organization","name":"Corporate Stays","url":"https:\/\/shop.corporatestays.com\/","logo":{"@type":"ImageObject","inLanguage":"fr-FR","@id":"https:\/\/shop.corporatestays.com\/#\/schema\/logo\/image\/","url":"https:\/\/shop.corporatestays.com\/wp-content\/uploads\/2020\/12\/logo-corporate-stays.png","contentUrl":"https:\/\/shop.corporatestays.com\/wp-content\/uploads\/2020\/12\/logo-corporate-stays.png","width":500,"height":131,"caption":"Corporate Stays"},"image":{"@id":"https:\/\/shop.corporatestays.com\/#\/schema\/logo\/image\/"},"sameAs":["https:\/\/www.facebook.com\/CorporateStays\/","https:\/\/x.com\/corporatestays","https:\/\/www.instagram.com\/CORPORATESTAYS\/","https:\/\/www.linkedin.com\/company\/corporatestays"]}]}},"_links":{"self":[{"href":"https:\/\/shop.corporatestays.com\/fr\/wp-json\/wp\/v2\/pages\/53906","targetHints":{"allow":["GET"]}}],"collection":[{"href":"https:\/\/shop.corporatestays.com\/fr\/wp-json\/wp\/v2\/pages"}],"about":[{"href":"https:\/\/shop.corporatestays.com\/fr\/wp-json\/wp\/v2\/types\/page"}],"author":[{"embeddable":true,"href":"https:\/\/shop.corporatestays.com\/fr\/wp-json\/wp\/v2\/users\/14"}],"replies":[{"embeddable":true,"href":"https:\/\/shop.corporatestays.com\/fr\/wp-json\/wp\/v2\/comments?post=53906"}],"version-history":[{"count":0,"href":"https:\/\/shop.corporatestays.com\/fr\/wp-json\/wp\/v2\/pages\/53906\/revisions"}],"wp:attachment":[{"href":"https:\/\/shop.corporatestays.com\/fr\/wp-json\/wp\/v2\/media?parent=53906"}],"curies":[{"name":"wp","href":"https:\/\/api.w.org\/{rel}","templated":true}]}}