{"id":53888,"date":"2021-06-16T12:39:31","date_gmt":"2021-06-16T17:39:31","guid":{"rendered":"https:\/\/shop.corporatestays.com\/achetez-des-meubles\/"},"modified":"2021-06-16T12:39:31","modified_gmt":"2021-06-16T17:39:31","slug":"achetez-des-meubles","status":"publish","type":"page","link":"https:\/\/shop.corporatestays.com\/fr\/achetez-des-meubles\/","title":{"rendered":"Achetez des meubles"},"content":{"rendered":"[et_pb_section fb_built=&#8221;1&#8243; admin_label=&#8221;Hero section&#8221; _builder_version=&#8221;4.9.7&#8243; use_background_color_gradient=&#8221;on&#8221; background_color_gradient_start=&#8221;rgba(150,105,97,0.67)&#8221; background_color_gradient_end=&#8221;rgba(2,0,76,0.84)&#8221; background_color_gradient_overlays_image=&#8221;on&#8221; background_image=&#8221;https:\/\/shop.corporatestays.com\/wp-content\/uploads\/2021\/06\/Buy-Furniture-Casa-Suarez-Corporate-Stays.jpg&#8221; custom_margin=&#8221;|||&#8221; custom_margin_last_edited=&#8221;off|desktop&#8221; custom_padding=&#8221;0px||0px||false|false&#8221; locked=&#8221;off&#8221;][et_pb_row _builder_version=&#8221;4.9.4&#8243; module_alignment=&#8221;center&#8221; custom_margin=&#8221;|||&#8221; custom_padding=&#8221;45px|||||&#8221;][et_pb_column type=&#8221;4_4&#8243; _builder_version=&#8221;4.9.4&#8243; custom_padding=&#8221;1px|||&#8221; custom_padding__hover=&#8221;|||&#8221;][et_pb_cta title=&#8221;Achetez des meubles&#8221; _builder_version=&#8221;4.9.7&#8243; header_level=&#8221;h5&#8243; header_font=&#8221;Lato|900||on|||||&#8221; header_text_align=&#8221;center&#8221; header_font_size=&#8221;76px&#8221; header_letter_spacing=&#8221;2px&#8221; header_line_height=&#8221;1.2em&#8221; body_font=&#8221;Lato||||||||&#8221; body_text_align=&#8221;center&#8221; body_font_size=&#8221;20px&#8221; body_line_height=&#8221;1.8em&#8221; body_link_text_align=&#8221;center&#8221; body_ul_text_align=&#8221;center&#8221; body_ol_text_align=&#8221;center&#8221; body_quote_text_align=&#8221;center&#8221; use_background_color=&#8221;off&#8221; custom_button=&#8221;on&#8221; button_text_size=&#8221;16px&#8221; button_text_color=&#8221;#FFFFFF&#8221; button_bg_color=&#8221;#000000&#8243; button_border_width=&#8221;6px&#8221; button_border_color=&#8221;#000000&#8243; button_border_radius=&#8221;5px&#8221; button_letter_spacing=&#8221;2px&#8221; button_font=&#8221;Lato|900||on|||||&#8221; button_alignment=&#8221;center&#8221; max_width=&#8221;750px&#8221; module_alignment=&#8221;center&#8221; custom_margin=&#8221;0px|0px|0px|0px|false|false&#8221; custom_padding=&#8221;0px|0px|0px|0px|false|false&#8221; animation_style=&#8221;fold&#8221; animation_intensity_fold=&#8221;16%&#8221; header_font_size_tablet=&#8221;46px&#8221; header_font_size_phone=&#8221;&#8221; header_font_size_last_edited=&#8221;on|tablet&#8221; header_text_shadow_style=&#8221;preset1&#8243; header_text_shadow_blur_strength=&#8221;0.6em&#8221; header_text_shadow_color=&#8221;rgba(0,0,0,0.6)&#8221; button_letter_spacing_hover=&#8221;2px&#8221; button_text_size__hover_enabled=&#8221;off&#8221; button_one_text_size__hover_enabled=&#8221;off&#8221; button_two_text_size__hover_enabled=&#8221;off&#8221; button_text_color__hover_enabled=&#8221;off&#8221; button_one_text_color__hover_enabled=&#8221;off&#8221; button_two_text_color__hover_enabled=&#8221;off&#8221; button_border_width__hover_enabled=&#8221;off&#8221; button_one_border_width__hover_enabled=&#8221;off&#8221; button_two_border_width__hover_enabled=&#8221;off&#8221; button_border_color__hover_enabled=&#8221;off&#8221; button_one_border_color__hover_enabled=&#8221;off&#8221; button_two_border_color__hover_enabled=&#8221;off&#8221; button_border_radius__hover_enabled=&#8221;off&#8221; button_one_border_radius__hover_enabled=&#8221;off&#8221; button_two_border_radius__hover_enabled=&#8221;off&#8221; button_letter_spacing__hover_enabled=&#8221;on&#8221; button_letter_spacing__hover=&#8221;2px&#8221; button_one_letter_spacing__hover_enabled=&#8221;off&#8221; button_two_letter_spacing__hover_enabled=&#8221;off&#8221; button_bg_color__hover_enabled=&#8221;off&#8221; button_one_bg_color__hover_enabled=&#8221;off&#8221; button_two_bg_color__hover_enabled=&#8221;off&#8221;]\n<p>Les appartements de Corporate Stays sont enti\u00e8rement meubl\u00e9s par Casa Suarez. <br \/>Les meubles de nos unit\u00e9s vous plaisent ? Vous pouvez acheter des meubles neufs <br \/>comme ceux que nous utilisons dans nos appartements !<\/p>\n<p>&nbsp;<\/p>\n[\/et_pb_cta][\/et_pb_column][\/et_pb_row][\/et_pb_section][et_pb_section fb_built=&#8221;1&#8243; _builder_version=&#8221;4.9.6&#8243; _module_preset=&#8221;default&#8221;][et_pb_row _builder_version=&#8221;4.9.6&#8243; _module_preset=&#8221;default&#8221;][et_pb_column type=&#8221;4_4&#8243; _builder_version=&#8221;4.9.6&#8243; _module_preset=&#8221;default&#8221;][et_pb_text _builder_version=&#8221;4.9.7&#8243; _module_preset=&#8221;default&#8221; text_font=&#8221;Poppins|300|||||||&#8221; text_font_size=&#8221;17px&#8221; header_font=&#8221;Poppins||||||||&#8221; header_text_align=&#8221;center&#8221; header_3_font=&#8221;Poppins||||||||&#8221; header_3_text_align=&#8221;center&#8221; width=&#8221;59%&#8221; module_alignment=&#8221;center&#8221; custom_margin=&#8221;||-10px||false|false&#8221; custom_padding=&#8221;5px||0px||false|false&#8221;]\n<h3><strong><\/strong><\/h3>\n<h3><strong><\/strong><\/h3>\n<h3><strong>Meublez votre maison comme nos appartements.<\/strong><\/h3>\n<h3><strong>Tout en gardant \u00e0 l&#8217;esprit le confort et le style. <\/strong><\/h3>\n<p style=\"text-align: center;\"><span><\/span><\/p>\n<p style=\"text-align: justify;\"><span>Les collections uniques de <a href=\"https:\/\/casasuarez.ca\/\">Casa Suarez<\/a> combinent les styles shabby chic et boh\u00e8me. En outre, certains meubles sont con\u00e7us avec de nombreux \u00e9l\u00e9ments modernes. De nombreux produits Casa Suarez<\/span><span> sont fabriqu\u00e9s \u00e0 partir de diff\u00e9rents types de bois, r\u00e9colt\u00e9s de mani\u00e8re durable et approuv\u00e9s par le FSC. C&#8217;est pourquoi chaque meuble en bois est fabriqu\u00e9 dans le respect de l&#8217;environnement. <\/span><\/p>\n<p style=\"text-align: justify;\"><span><\/span><\/p>\n<p style=\"text-align: center;\">[\/et_pb_text][et_pb_text _builder_version=&#8221;4.9.7&#8243; _module_preset=&#8221;default&#8221; text_font=&#8221;Poppins|300|||||||&#8221; text_font_size=&#8221;17px&#8221; header_font=&#8221;Poppins||||||||&#8221; header_text_align=&#8221;center&#8221; header_3_font=&#8221;Poppins||||||||&#8221; header_3_text_align=&#8221;center&#8221; width=&#8221;59%&#8221; module_alignment=&#8221;center&#8221; custom_margin=&#8221;||-10px||false|false&#8221; custom_padding=&#8221;5px||0px||false|false&#8221;]\n<h3><strong><\/strong><\/h3>\n<h3><strong><\/strong><\/h3>\n<h3><strong>Ramenez chez vous un petit quelque chose du monde.<\/strong><\/h3>\n<p style=\"text-align: justify;\"><span>Les meubles de Casa Suarez offrent l&#8217;exp\u00e9rience de destinations \u00e9loign\u00e9es d&#8217;une mani\u00e8re tangible. Ainsi, l<\/span><span>es amateurs de voyages peuvent<\/span><span> remplir leurs espaces avec des pi\u00e8ces provenant du monde entier. De toute \u00e9vidence, chaque pi\u00e8ce est faite \u00e0 la main et impr\u00e9gn\u00e9e du soin d&#8217;un artisan, ainsi que de l&#8217;intrigue d&#8217;un lieu exotique.<\/span><\/p>\n[\/et_pb_text][\/et_pb_column][\/et_pb_row][et_pb_row _builder_version=&#8221;4.9.6&#8243; _module_preset=&#8221;default&#8221; width=&#8221;100%&#8221;][et_pb_column type=&#8221;4_4&#8243; _builder_version=&#8221;4.9.6&#8243; _module_preset=&#8221;default&#8221;][et_pb_text _builder_version=&#8221;4.9.7&#8243; _module_preset=&#8221;default&#8221; header_3_font=&#8221;Poppins||||||||&#8221;]\n<h3 style=\"text-align: center;\"><\/h3>\n<h3 style=\"text-align: center;\"> <\/h3>\n<h3 style=\"text-align: center;\">Collections Signature Casa Suarez<\/h3>\n[\/et_pb_text][\/et_pb_column][\/et_pb_row][et_pb_row column_structure=&#8221;1_3,1_3,1_3&#8243; _builder_version=&#8221;4.9.6&#8243; _module_preset=&#8221;default&#8221;][et_pb_column type=&#8221;1_3&#8243; _builder_version=&#8221;4.9.6&#8243; _module_preset=&#8221;default&#8221;][et_pb_blurb title=&#8221;Collection Zen&#8221; url=&#8221;https:\/\/casasuarez.ca\/collections\/zen-collection&#8221; url_new_window=&#8221;on&#8221; image=&#8221;https:\/\/shop.corporatestays.com\/wp-content\/uploads\/2021\/06\/Zen-Collection-Furniture-Casa-Suarez.jpg&#8221; alt=&#8221;Collection Meubles Zen Casa Suarez&#8221; _builder_version=&#8221;4.9.7&#8243; _module_preset=&#8221;default&#8221; header_font=&#8221;Poppins||||||||&#8221; text_orientation=&#8221;center&#8221; link_option_url=&#8221;https:\/\/casasuarez.ca\/collections\/zen-collection&#8221; link_option_url_new_window=&#8221;on&#8221; border_radii_image=&#8221;on|15px|15px|15px|15px&#8221;][\/et_pb_blurb][\/et_pb_column][et_pb_column type=&#8221;1_3&#8243; _builder_version=&#8221;4.9.6&#8243; _module_preset=&#8221;default&#8221;][et_pb_blurb title=&#8221;Collection Metric&#8221; url=&#8221;https:\/\/casasuarez.ca\/collections\/metrica&#8221; url_new_window=&#8221;on&#8221; image=&#8221;https:\/\/shop.corporatestays.com\/wp-content\/uploads\/2021\/06\/Metric-Collection-Furniture-Casa-Suarez.jpg&#8221; alt=&#8221;Collection Meubles Metric Casa Suarez&#8221; _builder_version=&#8221;4.9.7&#8243; _module_preset=&#8221;default&#8221; header_font=&#8221;Poppins||||||||&#8221; text_orientation=&#8221;center&#8221; link_option_url=&#8221;https:\/\/casasuarez.ca\/collections\/metrica&#8221; link_option_url_new_window=&#8221;on&#8221; border_radii_image=&#8221;on|15px|15px|15px|15px&#8221;][\/et_pb_blurb][\/et_pb_column][et_pb_column type=&#8221;1_3&#8243; _builder_version=&#8221;4.9.6&#8243; _module_preset=&#8221;default&#8221;][et_pb_blurb title=&#8221;Collection Chesterfield&#8221; url=&#8221;https:\/\/casasuarez.ca\/collections\/chesterfield&#8221; url_new_window=&#8221;on&#8221; image=&#8221;https:\/\/shop.corporatestays.com\/wp-content\/uploads\/2021\/06\/Chesterfield-Collection-Furniture-Casa-Suarez.jpg&#8221; alt=&#8221;Canap\u00e9s Chesterfield Casa Suarez&#8221; _builder_version=&#8221;4.9.7&#8243; _module_preset=&#8221;default&#8221; header_font=&#8221;Poppins||||||||&#8221; text_orientation=&#8221;center&#8221; link_option_url=&#8221;https:\/\/casasuarez.ca\/collections\/chesterfield&#8221; link_option_url_new_window=&#8221;on&#8221; border_radii_image=&#8221;on|15px|15px|15px|15px&#8221;][\/et_pb_blurb][\/et_pb_column][\/et_pb_row][\/et_pb_section][et_pb_section fb_built=&#8221;1&#8243; _builder_version=&#8221;4.9.6&#8243; _module_preset=&#8221;default&#8221;][et_pb_row _builder_version=&#8221;4.9.6&#8243; _module_preset=&#8221;default&#8221;][et_pb_column type=&#8221;4_4&#8243; _builder_version=&#8221;4.9.6&#8243; _module_preset=&#8221;default&#8221;][et_pb_button button_url=&#8221;https:\/\/casasuarez.ca\/&#8221; url_new_window=&#8221;on&#8221; button_text=&#8221;BUY FURNITURE&#8221; button_alignment=&#8221;center&#8221; _builder_version=&#8221;4.9.7&#8243; _module_preset=&#8221;default&#8221; custom_button=&#8221;on&#8221; button_text_size=&#8221;15px&#8221; button_font=&#8221;Poppins|600||on|||||&#8221; button_use_icon=&#8221;off&#8221;][\/et_pb_button][\/et_pb_column][\/et_pb_row][\/et_pb_section][et_pb_section fb_built=&#8221;1&#8243; _builder_version=&#8221;4.9.6&#8243; _module_preset=&#8221;default&#8221;][\/et_pb_section]\n","protected":false},"excerpt":{"rendered":"[et_pb_section fb_built=&#8221;1&#8243; admin_label=&#8221;Hero section&#8221; _builder_version=&#8221;4.9.7&#8243; use_background_color_gradient=&#8221;on&#8221; background_color_gradient_start=&#8221;rgba(150,105,97,0.67)&#8221; background_color_gradient_end=&#8221;rgba(2,0,76,0.84)&#8221; background_color_gradient_overlays_image=&#8221;on&#8221; background_image=&#8221;https:\/\/shop.corporatestays.com\/wp-content\/uploads\/2021\/06\/Buy-Furniture-Casa-Suarez-Corporate-Stays.jpg&#8221; custom_margin=&#8221;|||&#8221; custom_margin_last_edited=&#8221;off|desktop&#8221; custom_padding=&#8221;0px||0px||false|false&#8221; locked=&#8221;off&#8221;][et_pb_row _builder_version=&#8221;4.9.4&#8243; module_alignment=&#8221;center&#8221; custom_margin=&#8221;|||&#8221; custom_padding=&#8221;45px|||||&#8221;][et_pb_column type=&#8221;4_4&#8243; _builder_version=&#8221;4.9.4&#8243; custom_padding=&#8221;1px|||&#8221; custom_padding__hover=&#8221;|||&#8221;][et_pb_cta title=&#8221;Achetez des meubles&#8221; _builder_version=&#8221;4.9.7&#8243; header_level=&#8221;h5&#8243; header_font=&#8221;Lato|900||on|||||&#8221; header_text_align=&#8221;center&#8221; header_font_size=&#8221;76px&#8221; header_letter_spacing=&#8221;2px&#8221; header_line_height=&#8221;1.2em&#8221; body_font=&#8221;Lato||||||||&#8221; body_text_align=&#8221;center&#8221; body_font_size=&#8221;20px&#8221; body_line_height=&#8221;1.8em&#8221; body_link_text_align=&#8221;center&#8221; body_ul_text_align=&#8221;center&#8221; body_ol_text_align=&#8221;center&#8221; body_quote_text_align=&#8221;center&#8221; use_background_color=&#8221;off&#8221; custom_button=&#8221;on&#8221; button_text_size=&#8221;16px&#8221; button_text_color=&#8221;#FFFFFF&#8221; button_bg_color=&#8221;#000000&#8243; button_border_width=&#8221;6px&#8221; button_border_color=&#8221;#000000&#8243; button_border_radius=&#8221;5px&#8221; button_letter_spacing=&#8221;2px&#8221; button_font=&#8221;Lato|900||on|||||&#8221; button_alignment=&#8221;center&#8221; max_width=&#8221;750px&#8221; module_alignment=&#8221;center&#8221; custom_margin=&#8221;0px|0px|0px|0px|false|false&#8221; custom_padding=&#8221;0px|0px|0px|0px|false|false&#8221; [&#8230;]\n","protected":false},"author":14,"featured_media":0,"parent":0,"menu_order":0,"comment_status":"closed","ping_status":"closed","template":"","meta":{"footnotes":""},"class_list":["post-53888","page","type-page","status-publish","hentry"],"yoast_head":"<!-- This site is optimized with the Yoast SEO plugin v27.3 - https:\/\/yoast.com\/product\/yoast-seo-wordpress\/ -->\n<title>Achetez des meubles - [Shop] Corporate Stays: Beyond Business<\/title>\n<meta name=\"description\" content=\"Les appartements de Corporate Stays sont enti\u00e8rement meubl\u00e9s par sa soci\u00e9t\u00e9 s\u0153ur Casa Suarez. Achetez des meubles Casa Suarez neufs pour votre maison !\" \/>\n<meta name=\"robots\" content=\"index, follow, max-snippet:-1, max-image-preview:large, max-video-preview:-1\" \/>\n<link rel=\"canonical\" href=\"https:\/\/shop.corporatestays.com\/fr\/achetez-des-meubles\/\" \/>\n<meta property=\"og:locale\" content=\"fr_FR\" \/>\n<meta property=\"og:type\" content=\"article\" \/>\n<meta property=\"og:title\" content=\"Achetez des meubles - [Shop] Corporate Stays: Beyond Business\" \/>\n<meta property=\"og:description\" content=\"Les appartements de Corporate Stays sont enti\u00e8rement meubl\u00e9s par sa soci\u00e9t\u00e9 s\u0153ur Casa Suarez. Achetez des meubles Casa Suarez neufs pour votre maison !\" \/>\n<meta property=\"og:url\" content=\"https:\/\/shop.corporatestays.com\/fr\/achetez-des-meubles\/\" \/>\n<meta property=\"og:site_name\" content=\"[Shop] Corporate Stays: Beyond Business\" \/>\n<meta property=\"article:publisher\" content=\"https:\/\/www.facebook.com\/CorporateStays\/\" \/>\n<meta property=\"og:image\" content=\"https:\/\/shop.corporatestays.com\/wp-content\/uploads\/2020\/12\/logo-corporate-stays.png\" \/>\n\t<meta property=\"og:image:width\" content=\"500\" \/>\n\t<meta property=\"og:image:height\" content=\"131\" \/>\n\t<meta property=\"og:image:type\" content=\"image\/png\" \/>\n<meta name=\"twitter:card\" content=\"summary_large_image\" \/>\n<meta name=\"twitter:site\" content=\"@corporatestays\" \/>\n<meta name=\"twitter:label1\" content=\"Est. reading time\" \/>\n\t<meta name=\"twitter:data1\" content=\"6 minutes\" \/>\n<script type=\"application\/ld+json\" class=\"yoast-schema-graph\">{\"@context\":\"https:\\\/\\\/schema.org\",\"@graph\":[{\"@type\":\"WebPage\",\"@id\":\"https:\\\/\\\/shop.corporatestays.com\\\/fr\\\/achetez-des-meubles\\\/\",\"url\":\"https:\\\/\\\/shop.corporatestays.com\\\/fr\\\/achetez-des-meubles\\\/\",\"name\":\"Achetez des meubles - [Shop] Corporate Stays: Beyond Business\",\"isPartOf\":{\"@id\":\"https:\\\/\\\/shop.corporatestays.com\\\/#website\"},\"datePublished\":\"2021-06-16T17:39:31+00:00\",\"description\":\"Les appartements de Corporate Stays sont enti\u00e8rement meubl\u00e9s par sa soci\u00e9t\u00e9 s\u0153ur Casa Suarez. Achetez des meubles Casa Suarez neufs pour votre maison !\",\"breadcrumb\":{\"@id\":\"https:\\\/\\\/shop.corporatestays.com\\\/fr\\\/achetez-des-meubles\\\/#breadcrumb\"},\"inLanguage\":\"fr-FR\",\"potentialAction\":[{\"@type\":\"ReadAction\",\"target\":[\"https:\\\/\\\/shop.corporatestays.com\\\/fr\\\/achetez-des-meubles\\\/\"]}]},{\"@type\":\"BreadcrumbList\",\"@id\":\"https:\\\/\\\/shop.corporatestays.com\\\/fr\\\/achetez-des-meubles\\\/#breadcrumb\",\"itemListElement\":[{\"@type\":\"ListItem\",\"position\":1,\"name\":\"Home\",\"item\":\"https:\\\/\\\/shop.corporatestays.com\\\/fr\\\/accueil\\\/\"},{\"@type\":\"ListItem\",\"position\":2,\"name\":\"Achetez des meubles\"}]},{\"@type\":\"WebSite\",\"@id\":\"https:\\\/\\\/shop.corporatestays.com\\\/#website\",\"url\":\"https:\\\/\\\/shop.corporatestays.com\\\/\",\"name\":\"[Shop] Corporate Stays: Beyond Business\",\"description\":\"We match business travelers with unique places to stay\",\"publisher\":{\"@id\":\"https:\\\/\\\/shop.corporatestays.com\\\/#organization\"},\"potentialAction\":[{\"@type\":\"SearchAction\",\"target\":{\"@type\":\"EntryPoint\",\"urlTemplate\":\"https:\\\/\\\/shop.corporatestays.com\\\/?s={search_term_string}\"},\"query-input\":{\"@type\":\"PropertyValueSpecification\",\"valueRequired\":true,\"valueName\":\"search_term_string\"}}],\"inLanguage\":\"fr-FR\"},{\"@type\":\"Organization\",\"@id\":\"https:\\\/\\\/shop.corporatestays.com\\\/#organization\",\"name\":\"Corporate Stays\",\"url\":\"https:\\\/\\\/shop.corporatestays.com\\\/\",\"logo\":{\"@type\":\"ImageObject\",\"inLanguage\":\"fr-FR\",\"@id\":\"https:\\\/\\\/shop.corporatestays.com\\\/#\\\/schema\\\/logo\\\/image\\\/\",\"url\":\"https:\\\/\\\/shop.corporatestays.com\\\/wp-content\\\/uploads\\\/2020\\\/12\\\/logo-corporate-stays.png\",\"contentUrl\":\"https:\\\/\\\/shop.corporatestays.com\\\/wp-content\\\/uploads\\\/2020\\\/12\\\/logo-corporate-stays.png\",\"width\":500,\"height\":131,\"caption\":\"Corporate Stays\"},\"image\":{\"@id\":\"https:\\\/\\\/shop.corporatestays.com\\\/#\\\/schema\\\/logo\\\/image\\\/\"},\"sameAs\":[\"https:\\\/\\\/www.facebook.com\\\/CorporateStays\\\/\",\"https:\\\/\\\/x.com\\\/corporatestays\",\"https:\\\/\\\/www.instagram.com\\\/CORPORATESTAYS\\\/\",\"https:\\\/\\\/www.linkedin.com\\\/company\\\/corporatestays\"]}]}<\/script>\n<!-- \/ Yoast SEO plugin. -->","yoast_head_json":{"title":"Achetez des meubles - [Shop] Corporate Stays: Beyond Business","description":"Les appartements de Corporate Stays sont enti\u00e8rement meubl\u00e9s par sa soci\u00e9t\u00e9 s\u0153ur Casa Suarez. Achetez des meubles Casa Suarez neufs pour votre maison !","robots":{"index":"index","follow":"follow","max-snippet":"max-snippet:-1","max-image-preview":"max-image-preview:large","max-video-preview":"max-video-preview:-1"},"canonical":"https:\/\/shop.corporatestays.com\/fr\/achetez-des-meubles\/","og_locale":"fr_FR","og_type":"article","og_title":"Achetez des meubles - [Shop] Corporate Stays: Beyond Business","og_description":"Les appartements de Corporate Stays sont enti\u00e8rement meubl\u00e9s par sa soci\u00e9t\u00e9 s\u0153ur Casa Suarez. Achetez des meubles Casa Suarez neufs pour votre maison !","og_url":"https:\/\/shop.corporatestays.com\/fr\/achetez-des-meubles\/","og_site_name":"[Shop] Corporate Stays: Beyond Business","article_publisher":"https:\/\/www.facebook.com\/CorporateStays\/","og_image":[{"width":500,"height":131,"url":"https:\/\/shop.corporatestays.com\/wp-content\/uploads\/2020\/12\/logo-corporate-stays.png","type":"image\/png"}],"twitter_card":"summary_large_image","twitter_site":"@corporatestays","twitter_misc":{"Est. reading time":"6 minutes"},"schema":{"@context":"https:\/\/schema.org","@graph":[{"@type":"WebPage","@id":"https:\/\/shop.corporatestays.com\/fr\/achetez-des-meubles\/","url":"https:\/\/shop.corporatestays.com\/fr\/achetez-des-meubles\/","name":"Achetez des meubles - [Shop] Corporate Stays: Beyond Business","isPartOf":{"@id":"https:\/\/shop.corporatestays.com\/#website"},"datePublished":"2021-06-16T17:39:31+00:00","description":"Les appartements de Corporate Stays sont enti\u00e8rement meubl\u00e9s par sa soci\u00e9t\u00e9 s\u0153ur Casa Suarez. Achetez des meubles Casa Suarez neufs pour votre maison !","breadcrumb":{"@id":"https:\/\/shop.corporatestays.com\/fr\/achetez-des-meubles\/#breadcrumb"},"inLanguage":"fr-FR","potentialAction":[{"@type":"ReadAction","target":["https:\/\/shop.corporatestays.com\/fr\/achetez-des-meubles\/"]}]},{"@type":"BreadcrumbList","@id":"https:\/\/shop.corporatestays.com\/fr\/achetez-des-meubles\/#breadcrumb","itemListElement":[{"@type":"ListItem","position":1,"name":"Home","item":"https:\/\/shop.corporatestays.com\/fr\/accueil\/"},{"@type":"ListItem","position":2,"name":"Achetez des meubles"}]},{"@type":"WebSite","@id":"https:\/\/shop.corporatestays.com\/#website","url":"https:\/\/shop.corporatestays.com\/","name":"[Shop] Corporate Stays: Beyond Business","description":"We match business travelers with unique places to stay","publisher":{"@id":"https:\/\/shop.corporatestays.com\/#organization"},"potentialAction":[{"@type":"SearchAction","target":{"@type":"EntryPoint","urlTemplate":"https:\/\/shop.corporatestays.com\/?s={search_term_string}"},"query-input":{"@type":"PropertyValueSpecification","valueRequired":true,"valueName":"search_term_string"}}],"inLanguage":"fr-FR"},{"@type":"Organization","@id":"https:\/\/shop.corporatestays.com\/#organization","name":"Corporate Stays","url":"https:\/\/shop.corporatestays.com\/","logo":{"@type":"ImageObject","inLanguage":"fr-FR","@id":"https:\/\/shop.corporatestays.com\/#\/schema\/logo\/image\/","url":"https:\/\/shop.corporatestays.com\/wp-content\/uploads\/2020\/12\/logo-corporate-stays.png","contentUrl":"https:\/\/shop.corporatestays.com\/wp-content\/uploads\/2020\/12\/logo-corporate-stays.png","width":500,"height":131,"caption":"Corporate Stays"},"image":{"@id":"https:\/\/shop.corporatestays.com\/#\/schema\/logo\/image\/"},"sameAs":["https:\/\/www.facebook.com\/CorporateStays\/","https:\/\/x.com\/corporatestays","https:\/\/www.instagram.com\/CORPORATESTAYS\/","https:\/\/www.linkedin.com\/company\/corporatestays"]}]}},"_links":{"self":[{"href":"https:\/\/shop.corporatestays.com\/fr\/wp-json\/wp\/v2\/pages\/53888","targetHints":{"allow":["GET"]}}],"collection":[{"href":"https:\/\/shop.corporatestays.com\/fr\/wp-json\/wp\/v2\/pages"}],"about":[{"href":"https:\/\/shop.corporatestays.com\/fr\/wp-json\/wp\/v2\/types\/page"}],"author":[{"embeddable":true,"href":"https:\/\/shop.corporatestays.com\/fr\/wp-json\/wp\/v2\/users\/14"}],"replies":[{"embeddable":true,"href":"https:\/\/shop.corporatestays.com\/fr\/wp-json\/wp\/v2\/comments?post=53888"}],"version-history":[{"count":0,"href":"https:\/\/shop.corporatestays.com\/fr\/wp-json\/wp\/v2\/pages\/53888\/revisions"}],"wp:attachment":[{"href":"https:\/\/shop.corporatestays.com\/fr\/wp-json\/wp\/v2\/media?parent=53888"}],"curies":[{"name":"wp","href":"https:\/\/api.w.org\/{rel}","templated":true}]}}