{"id":53887,"date":"2021-06-14T12:58:15","date_gmt":"2021-06-14T17:58:15","guid":{"rendered":"https:\/\/shop.corporatestays.com\/hotels-boutiques\/"},"modified":"2021-06-14T12:58:15","modified_gmt":"2021-06-14T17:58:15","slug":"hotels-boutiques","status":"publish","type":"page","link":"https:\/\/shop.corporatestays.com\/fr\/hotels-boutiques\/","title":{"rendered":"H\u00f4tels-boutiques"},"content":{"rendered":"[et_pb_section fb_built=&#8221;1&#8243; admin_label=&#8221;Hero section&#8221; _builder_version=&#8221;4.16&#8243; use_background_color_gradient=&#8221;on&#8221; background_color_gradient_stops=&#8221;rgba(150,105,97,0.67) 0%|rgba(2,0,76,0.84) 100%&#8221; background_color_gradient_overlays_image=&#8221;on&#8221; background_color_gradient_start=&#8221;rgba(150,105,97,0.67)&#8221; background_color_gradient_end=&#8221;rgba(2,0,76,0.84)&#8221; background_image=&#8221;https:\/\/shop.corporatestays.com\/wp-content\/uploads\/2021\/06\/Boutique-Hotels-Corporate-Stays.jpg&#8221; custom_margin=&#8221;|||&#8221; custom_margin_last_edited=&#8221;off|desktop&#8221; custom_padding=&#8221;0px||0px||false|false&#8221; locked=&#8221;off&#8221; global_colors_info=&#8221;{}&#8221;][et_pb_row _builder_version=&#8221;4.16&#8243; module_alignment=&#8221;center&#8221; custom_margin=&#8221;|||&#8221; custom_padding=&#8221;45px|||||&#8221; global_colors_info=&#8221;{}&#8221;][et_pb_column type=&#8221;4_4&#8243; _builder_version=&#8221;4.16&#8243; custom_padding=&#8221;1px|||&#8221; global_colors_info=&#8221;{}&#8221; custom_padding__hover=&#8221;|||&#8221;][et_pb_cta title=&#8221;H\u00f4tels-boutiques&#8221; _builder_version=&#8221;4.16&#8243; header_level=&#8221;h5&#8243; header_font=&#8221;Lato|900||on|||||&#8221; header_text_align=&#8221;center&#8221; header_font_size=&#8221;76px&#8221; header_letter_spacing=&#8221;2px&#8221; header_line_height=&#8221;1.2em&#8221; body_font=&#8221;Lato||||||||&#8221; body_text_align=&#8221;center&#8221; body_font_size=&#8221;20px&#8221; body_line_height=&#8221;1.8em&#8221; body_link_text_align=&#8221;center&#8221; body_ul_text_align=&#8221;center&#8221; body_ol_text_align=&#8221;center&#8221; body_quote_text_align=&#8221;center&#8221; use_background_color=&#8221;off&#8221; custom_button=&#8221;on&#8221; button_text_size=&#8221;16px&#8221; button_text_color=&#8221;#FFFFFF&#8221; button_bg_color=&#8221;#000000&#8243; button_border_width=&#8221;6px&#8221; button_border_color=&#8221;#000000&#8243; button_border_radius=&#8221;5px&#8221; button_letter_spacing=&#8221;2px&#8221; button_font=&#8221;Lato|900||on|||||&#8221; button_alignment=&#8221;center&#8221; max_width=&#8221;750px&#8221; module_alignment=&#8221;center&#8221; custom_margin=&#8221;0px|0px|0px|0px|false|false&#8221; custom_padding=&#8221;0px|0px|0px|0px|false|false&#8221; animation_style=&#8221;fold&#8221; animation_intensity_fold=&#8221;16%&#8221; header_font_size_tablet=&#8221;46px&#8221; header_font_size_phone=&#8221;&#8221; header_font_size_last_edited=&#8221;on|tablet&#8221; header_text_shadow_style=&#8221;preset1&#8243; header_text_shadow_blur_strength=&#8221;0.6em&#8221; header_text_shadow_color=&#8221;rgba(0,0,0,0.6)&#8221; button_letter_spacing_hover=&#8221;2px&#8221; global_colors_info=&#8221;{}&#8221; button_text_size__hover_enabled=&#8221;off&#8221; button_one_text_size__hover_enabled=&#8221;off&#8221; button_two_text_size__hover_enabled=&#8221;off&#8221; button_text_color__hover_enabled=&#8221;off&#8221; button_one_text_color__hover_enabled=&#8221;off&#8221; button_two_text_color__hover_enabled=&#8221;off&#8221; button_border_width__hover_enabled=&#8221;off&#8221; button_one_border_width__hover_enabled=&#8221;off&#8221; button_two_border_width__hover_enabled=&#8221;off&#8221; button_border_color__hover_enabled=&#8221;off&#8221; button_one_border_color__hover_enabled=&#8221;off&#8221; button_two_border_color__hover_enabled=&#8221;off&#8221; button_border_radius__hover_enabled=&#8221;off&#8221; button_one_border_radius__hover_enabled=&#8221;off&#8221; button_two_border_radius__hover_enabled=&#8221;off&#8221; button_letter_spacing__hover_enabled=&#8221;on&#8221; button_letter_spacing__hover=&#8221;2px&#8221; button_one_letter_spacing__hover_enabled=&#8221;off&#8221; button_two_letter_spacing__hover_enabled=&#8221;off&#8221; button_bg_color__hover_enabled=&#8221;off&#8221; button_one_bg_color__hover_enabled=&#8221;off&#8221; button_two_bg_color__hover_enabled=&#8221;off&#8221;]\n<p>Embera Collection est un groupe d&#8217;h\u00f4tels-boutiques de Coporate Stays comprenant des h\u00f4tels, des lodges et des resorts respectueux de l&#8217;environnement dans toute l&#8217;Am\u00e9rique du Nord et du Sud.<\/p>\n<p>&nbsp;<\/p>\n[\/et_pb_cta][\/et_pb_column][\/et_pb_row][\/et_pb_section][et_pb_section fb_built=&#8221;1&#8243; _builder_version=&#8221;4.16&#8243; _module_preset=&#8221;default&#8221; global_colors_info=&#8221;{}&#8221;][et_pb_row _builder_version=&#8221;4.16&#8243; _module_preset=&#8221;default&#8221; global_colors_info=&#8221;{}&#8221;][et_pb_column type=&#8221;4_4&#8243; _builder_version=&#8221;4.16&#8243; _module_preset=&#8221;default&#8221; global_colors_info=&#8221;{}&#8221;][et_pb_text _builder_version=&#8221;4.16&#8243; _module_preset=&#8221;default&#8221; text_font=&#8221;Poppins|300|||||||&#8221; text_font_size=&#8221;17px&#8221; header_font=&#8221;Poppins||||||||&#8221; header_text_align=&#8221;center&#8221; header_3_font=&#8221;Poppins||||||||&#8221; header_3_text_align=&#8221;center&#8221; width=&#8221;59%&#8221; module_alignment=&#8221;center&#8221; custom_margin=&#8221;||-50px||false|false&#8221; custom_padding=&#8221;5px||0px||false|false&#8221; global_colors_info=&#8221;{}&#8221;]\n<h3><strong><\/strong><\/h3>\n<h3><strong><\/strong><\/h3>\n<h3><strong>Vous planifiez vos vacances ?<\/strong><\/h3>\n<p style=\"text-align: center;\"><span><\/span><\/p>\n<p style=\"text-align: justify;\">Visitez l&#8217;un de nos h\u00f4tels-boutiques respectueux de l&#8217;environnement g\u00e9r\u00e9s par Embera Collection pour une escapade relaxante et inoubliable. <span>Pour renforcer sa port\u00e9e et son impact positif, la collection Embera consacre 1 % de toutes les ventes \u00e0 des projets de reforestation et de protection.<\/span><\/p>\n<p style=\"text-align: center;\">[\/et_pb_text][\/et_pb_column][\/et_pb_row][et_pb_row _builder_version=&#8221;4.16&#8243; _module_preset=&#8221;default&#8221; width=&#8221;100%&#8221; global_colors_info=&#8221;{}&#8221;][et_pb_column type=&#8221;4_4&#8243; _builder_version=&#8221;4.16&#8243; _module_preset=&#8221;default&#8221; global_colors_info=&#8221;{}&#8221;][et_pb_image src=&#8221;https:\/\/shop.corporatestays.com\/wp-content\/uploads\/2021\/06\/Embera-Collection-Boutique-Hotels.jpg&#8221; title_text=&#8221;Embera Collection Boutique Hotels&#8221; align=&#8221;center&#8221; src_tablet=&#8221;https:\/\/shop.corporatestays.com\/wp-content\/uploads\/2021\/06\/Embera-Collection-Boutique-Hotels.jpg&#8221; src_phone=&#8221;https:\/\/shop.corporatestays.com\/wp-content\/uploads\/2021\/06\/Embera-Collection-Boutique-Hotels.jpg&#8221; src_last_edited=&#8221;on|phone&#8221; _builder_version=&#8221;4.16&#8243; _module_preset=&#8221;default&#8221; width=&#8221;80%&#8221; locked=&#8221;off&#8221; global_colors_info=&#8221;{}&#8221;][\/et_pb_image][et_pb_text _builder_version=&#8221;4.16&#8243; _module_preset=&#8221;default&#8221; text_font=&#8221;Poppins|300|||||||&#8221; text_orientation=&#8221;center&#8221; max_width=&#8221;54%&#8221; module_alignment=&#8221;center&#8221; custom_margin=&#8221;-58px||||false|false&#8221; custom_padding=&#8221;||0px||false|false&#8221; global_colors_info=&#8221;{}&#8221;]\n<p>&nbsp;<\/p>\n<p style=\"text-align: justify;\"><span style=\"font-size: large;\"><a href=\"http:\/\/www.emberacollection.com\">Les propri\u00e9t\u00e9s d&#8217;Embera Collection<\/a> assurent la pr\u00e9servation de l&#8217;\u00e9cosyst\u00e8me dont elles sont entour\u00e9es. Pour Embera, le d\u00e9veloppement durable ne se r\u00e9sume pas \u00e0 la r\u00e9utilisation des serviettes ou \u00e0 la suppression du plastique. Il s&#8217;agit d&#8217;avoir un impact positif sur l&#8217;environnement naturel, ainsi que sur les communaut\u00e9s locales. Embera embauche exclusivement du personnel local et offre des avantages comp\u00e9titifs et des possibilit\u00e9s d&#8217;\u00e9volution de carri\u00e8re.<\/span><\/p>\n[\/et_pb_text][et_pb_blurb title=&#8221;Saboga Lodge &#8221; image=&#8221;https:\/\/shop.corporatestays.com\/wp-content\/uploads\/2021\/06\/Saboga-Lodge-Boutique-Hotels.jpg&#8221; alt=&#8221;H\u00f4tels-boutiques Saboga Lodge&#8221; _builder_version=&#8221;4.19.4&#8243; _module_preset=&#8221;default&#8221; header_font=&#8221;|600|||||||&#8221; header_text_align=&#8221;center&#8221; hover_enabled=&#8221;0&#8243; border_radii_image=&#8221;on|15px|15px|15px|15px&#8221; inline_fonts=&#8221;Poppins&#8221; global_colors_info=&#8221;{}&#8221; sticky_enabled=&#8221;0&#8243;]\n<p style=\"text-align: center;\"><span style=\"font-size: medium;\"><\/span><\/p>\n<p style=\"text-align: justify;\"><span style=\"font-size: medium; font-family: Poppins;\"><a href=\"https:\/\/sabogalodge.com\/en\/\">Saboga Lodge<\/a> est l&#8217;un des premiers projets de responsabilit\u00e9 de Corporate Stays et d&#8217;<a href=\"https:\/\/www.emberacollection.com\/\">Embera Collection&#8217;s<\/a> initial responsibility projects. \u00c0 Saboga, nous pr\u00e9servons l&#8217;environnement en respectant la faune et la flore qui nous entourent. Nous sensibilisons nos h\u00f4tes aux questions relatives \u00e0 la culture et au d\u00e9veloppement durable. <\/span><\/p>\n[\/et_pb_blurb][et_pb_button button_url=&#8221;http:\/\/www.sabogalodge.com&#8221; url_new_window=&#8221;on&#8221; button_text=&#8221;VIsit saboga lodge&#8221; button_alignment=&#8221;center&#8221; _builder_version=&#8221;4.16&#8243; _module_preset=&#8221;default&#8221; custom_button=&#8221;on&#8221; button_text_size=&#8221;15px&#8221; button_font=&#8221;Poppins|600||on|||||&#8221; button_use_icon=&#8221;off&#8221; locked=&#8221;off&#8221; global_colors_info=&#8221;{}&#8221;][\/et_pb_button][et_pb_text _builder_version=&#8221;4.16&#8243; _module_preset=&#8221;default&#8221; header_3_font=&#8221;Poppins||||||||&#8221; global_colors_info=&#8221;{}&#8221;]\n<h3 style=\"text-align: center;\">Autres h\u00f4tels-boutiques<\/h3>\n[\/et_pb_text][\/et_pb_column][\/et_pb_row][et_pb_row column_structure=&#8221;1_3,1_3,1_3&#8243; _builder_version=&#8221;4.16&#8243; _module_preset=&#8221;default&#8221; global_colors_info=&#8221;{}&#8221;][et_pb_column type=&#8221;1_3&#8243; _builder_version=&#8221;4.16&#8243; _module_preset=&#8221;default&#8221; global_colors_info=&#8221;{}&#8221;][et_pb_blurb title=&#8221;Amarla Hotel&#8221; url=&#8221;https:\/\/www.emberacollection.com\/amarla-boutique-hotel\/&#8221; url_new_window=&#8221;on&#8221; image=&#8221;https:\/\/shop.corporatestays.com\/wp-content\/uploads\/2021\/06\/Amarla-Hotel.jpg&#8221; alt=&#8221;Amarla Hotel&#8221; _builder_version=&#8221;4.16&#8243; _module_preset=&#8221;default&#8221; header_font=&#8221;Poppins||||||||&#8221; text_orientation=&#8221;center&#8221; link_option_url=&#8221;https:\/\/www.emberacollection.com\/amarla-boutique-hotel\/&#8221; link_option_url_new_window=&#8221;on&#8221; border_radii_image=&#8221;on|15px|15px|15px|15px&#8221; global_colors_info=&#8221;{}&#8221;][\/et_pb_blurb][\/et_pb_column][et_pb_column type=&#8221;1_3&#8243; _builder_version=&#8221;4.16&#8243; _module_preset=&#8221;default&#8221; global_colors_info=&#8221;{}&#8221;][et_pb_blurb title=&#8221;Bio Habitat&#8221; url=&#8221;https:\/\/www.emberacollection.com\/bio-habitat-hotel\/&#8221; url_new_window=&#8221;on&#8221; image=&#8221;https:\/\/shop.corporatestays.com\/wp-content\/uploads\/2021\/06\/Bio-Habitat.jpg&#8221; _builder_version=&#8221;4.16&#8243; _module_preset=&#8221;default&#8221; header_font=&#8221;Poppins||||||||&#8221; text_orientation=&#8221;center&#8221; link_option_url=&#8221;https:\/\/www.emberacollection.com\/bio-habitat-hotel\/&#8221; link_option_url_new_window=&#8221;on&#8221; border_radii_image=&#8221;on|15px|15px|15px|15px&#8221; global_colors_info=&#8221;{}&#8221;][\/et_pb_blurb][\/et_pb_column][et_pb_column type=&#8221;1_3&#8243; _builder_version=&#8221;4.16&#8243; _module_preset=&#8221;default&#8221; global_colors_info=&#8221;{}&#8221;][et_pb_blurb title=&#8221;Amor Arenal&#8221; url=&#8221;https:\/\/www.emberacollection.com\/amor-arenal-hotel\/&#8221; url_new_window=&#8221;on&#8221; image=&#8221;https:\/\/shop.corporatestays.com\/wp-content\/uploads\/2021\/06\/Amor-Arenal.jpg&#8221; _builder_version=&#8221;4.16&#8243; _module_preset=&#8221;default&#8221; header_font=&#8221;Poppins||||||||&#8221; text_orientation=&#8221;center&#8221; link_option_url=&#8221;https:\/\/www.emberacollection.com\/amor-arenal-hotel\/&#8221; link_option_url_new_window=&#8221;on&#8221; border_radii_image=&#8221;on|15px|15px|15px|15px&#8221; global_colors_info=&#8221;{}&#8221;][\/et_pb_blurb][\/et_pb_column][\/et_pb_row][\/et_pb_section][et_pb_section fb_built=&#8221;1&#8243; _builder_version=&#8221;4.16&#8243; _module_preset=&#8221;default&#8221; global_colors_info=&#8221;{}&#8221;][et_pb_row _builder_version=&#8221;4.16&#8243; _module_preset=&#8221;default&#8221; global_colors_info=&#8221;{}&#8221;][et_pb_column type=&#8221;4_4&#8243; _builder_version=&#8221;4.16&#8243; _module_preset=&#8221;default&#8221; global_colors_info=&#8221;{}&#8221;][et_pb_button button_url=&#8221;https:\/\/www.emberacollection.com\/&#8221; url_new_window=&#8221;on&#8221; button_text=&#8221;VIEW MORE BOUTIQUE HOTELS&#8221; button_alignment=&#8221;center&#8221; _builder_version=&#8221;4.16&#8243; _module_preset=&#8221;default&#8221; custom_button=&#8221;on&#8221; button_text_size=&#8221;15px&#8221; button_font=&#8221;Poppins|600||on|||||&#8221; button_use_icon=&#8221;off&#8221; global_colors_info=&#8221;{}&#8221;][\/et_pb_button][\/et_pb_column][\/et_pb_row][\/et_pb_section][et_pb_section fb_built=&#8221;1&#8243; _builder_version=&#8221;4.16&#8243; _module_preset=&#8221;default&#8221; global_colors_info=&#8221;{}&#8221;][\/et_pb_section]\n","protected":false},"excerpt":{"rendered":"[et_pb_section fb_built=&#8221;1&#8243; admin_label=&#8221;Hero section&#8221; _builder_version=&#8221;4.16&#8243; use_background_color_gradient=&#8221;on&#8221; background_color_gradient_stops=&#8221;rgba(150,105,97,0.67) 0%|rgba(2,0,76,0.84) 100%&#8221; background_color_gradient_overlays_image=&#8221;on&#8221; background_color_gradient_start=&#8221;rgba(150,105,97,0.67)&#8221; background_color_gradient_end=&#8221;rgba(2,0,76,0.84)&#8221; background_image=&#8221;https:\/\/shop.corporatestays.com\/wp-content\/uploads\/2021\/06\/Boutique-Hotels-Corporate-Stays.jpg&#8221; custom_margin=&#8221;|||&#8221; custom_margin_last_edited=&#8221;off|desktop&#8221; custom_padding=&#8221;0px||0px||false|false&#8221; locked=&#8221;off&#8221; global_colors_info=&#8221;{}&#8221;][et_pb_row _builder_version=&#8221;4.16&#8243; module_alignment=&#8221;center&#8221; custom_margin=&#8221;|||&#8221; custom_padding=&#8221;45px|||||&#8221; global_colors_info=&#8221;{}&#8221;][et_pb_column type=&#8221;4_4&#8243; _builder_version=&#8221;4.16&#8243; custom_padding=&#8221;1px|||&#8221; global_colors_info=&#8221;{}&#8221; custom_padding__hover=&#8221;|||&#8221;][et_pb_cta title=&#8221;H\u00f4tels-boutiques&#8221; _builder_version=&#8221;4.16&#8243; header_level=&#8221;h5&#8243; header_font=&#8221;Lato|900||on|||||&#8221; header_text_align=&#8221;center&#8221; header_font_size=&#8221;76px&#8221; header_letter_spacing=&#8221;2px&#8221; header_line_height=&#8221;1.2em&#8221; body_font=&#8221;Lato||||||||&#8221; body_text_align=&#8221;center&#8221; body_font_size=&#8221;20px&#8221; body_line_height=&#8221;1.8em&#8221; body_link_text_align=&#8221;center&#8221; body_ul_text_align=&#8221;center&#8221; body_ol_text_align=&#8221;center&#8221; body_quote_text_align=&#8221;center&#8221; use_background_color=&#8221;off&#8221; custom_button=&#8221;on&#8221; button_text_size=&#8221;16px&#8221; button_text_color=&#8221;#FFFFFF&#8221; button_bg_color=&#8221;#000000&#8243; button_border_width=&#8221;6px&#8221; button_border_color=&#8221;#000000&#8243; button_border_radius=&#8221;5px&#8221; button_letter_spacing=&#8221;2px&#8221; button_font=&#8221;Lato|900||on|||||&#8221; button_alignment=&#8221;center&#8221; [&#8230;]\n","protected":false},"author":14,"featured_media":0,"parent":0,"menu_order":0,"comment_status":"closed","ping_status":"closed","template":"","meta":{"footnotes":""},"class_list":["post-53887","page","type-page","status-publish","hentry"],"yoast_head":"<!-- This site is optimized with the Yoast SEO plugin v27.3 - https:\/\/yoast.com\/product\/yoast-seo-wordpress\/ -->\n<title>H\u00f4tels-boutiques - [Shop] Corporate Stays: Beyond Business<\/title>\n<meta name=\"description\" content=\"Embera Collection est un groupe d&#039;h\u00f4tels-boutiques comprenant des h\u00f4tels, des lodges et des resorts respectueux de l&#039;environnement dans toute l&#039;Am\u00e9rique du Nord et du Sud.\" \/>\n<meta name=\"robots\" content=\"index, follow, max-snippet:-1, max-image-preview:large, max-video-preview:-1\" \/>\n<link rel=\"canonical\" href=\"https:\/\/shop.corporatestays.com\/fr\/hotels-boutiques\/\" \/>\n<meta property=\"og:locale\" content=\"fr_FR\" \/>\n<meta property=\"og:type\" content=\"article\" \/>\n<meta property=\"og:title\" content=\"H\u00f4tels-boutiques - [Shop] Corporate Stays: Beyond Business\" \/>\n<meta property=\"og:description\" content=\"Embera Collection est un groupe d&#039;h\u00f4tels-boutiques comprenant des h\u00f4tels, des lodges et des resorts respectueux de l&#039;environnement dans toute l&#039;Am\u00e9rique du Nord et du Sud.\" \/>\n<meta property=\"og:url\" content=\"https:\/\/shop.corporatestays.com\/fr\/hotels-boutiques\/\" \/>\n<meta property=\"og:site_name\" content=\"[Shop] Corporate Stays: Beyond Business\" \/>\n<meta property=\"article:publisher\" content=\"https:\/\/www.facebook.com\/CorporateStays\/\" \/>\n<meta property=\"og:image\" content=\"https:\/\/shop.corporatestays.com\/wp-content\/uploads\/2020\/12\/logo-corporate-stays.png\" \/>\n\t<meta property=\"og:image:width\" content=\"500\" \/>\n\t<meta property=\"og:image:height\" content=\"131\" \/>\n\t<meta property=\"og:image:type\" content=\"image\/png\" \/>\n<meta name=\"twitter:card\" content=\"summary_large_image\" \/>\n<meta name=\"twitter:site\" content=\"@corporatestays\" \/>\n<meta name=\"twitter:label1\" content=\"Est. reading time\" \/>\n\t<meta name=\"twitter:data1\" content=\"7 minutes\" \/>\n<script type=\"application\/ld+json\" class=\"yoast-schema-graph\">{\"@context\":\"https:\\\/\\\/schema.org\",\"@graph\":[{\"@type\":\"WebPage\",\"@id\":\"https:\\\/\\\/shop.corporatestays.com\\\/fr\\\/hotels-boutiques\\\/\",\"url\":\"https:\\\/\\\/shop.corporatestays.com\\\/fr\\\/hotels-boutiques\\\/\",\"name\":\"H\u00f4tels-boutiques - [Shop] Corporate Stays: Beyond Business\",\"isPartOf\":{\"@id\":\"https:\\\/\\\/shop.corporatestays.com\\\/#website\"},\"datePublished\":\"2021-06-14T17:58:15+00:00\",\"description\":\"Embera Collection est un groupe d'h\u00f4tels-boutiques comprenant des h\u00f4tels, des lodges et des resorts respectueux de l'environnement dans toute l'Am\u00e9rique du Nord et du Sud.\",\"breadcrumb\":{\"@id\":\"https:\\\/\\\/shop.corporatestays.com\\\/fr\\\/hotels-boutiques\\\/#breadcrumb\"},\"inLanguage\":\"fr-FR\",\"potentialAction\":[{\"@type\":\"ReadAction\",\"target\":[\"https:\\\/\\\/shop.corporatestays.com\\\/fr\\\/hotels-boutiques\\\/\"]}]},{\"@type\":\"BreadcrumbList\",\"@id\":\"https:\\\/\\\/shop.corporatestays.com\\\/fr\\\/hotels-boutiques\\\/#breadcrumb\",\"itemListElement\":[{\"@type\":\"ListItem\",\"position\":1,\"name\":\"Home\",\"item\":\"https:\\\/\\\/shop.corporatestays.com\\\/fr\\\/accueil\\\/\"},{\"@type\":\"ListItem\",\"position\":2,\"name\":\"H\u00f4tels-boutiques\"}]},{\"@type\":\"WebSite\",\"@id\":\"https:\\\/\\\/shop.corporatestays.com\\\/#website\",\"url\":\"https:\\\/\\\/shop.corporatestays.com\\\/\",\"name\":\"[Shop] Corporate Stays: Beyond Business\",\"description\":\"We match business travelers with unique places to stay\",\"publisher\":{\"@id\":\"https:\\\/\\\/shop.corporatestays.com\\\/#organization\"},\"potentialAction\":[{\"@type\":\"SearchAction\",\"target\":{\"@type\":\"EntryPoint\",\"urlTemplate\":\"https:\\\/\\\/shop.corporatestays.com\\\/?s={search_term_string}\"},\"query-input\":{\"@type\":\"PropertyValueSpecification\",\"valueRequired\":true,\"valueName\":\"search_term_string\"}}],\"inLanguage\":\"fr-FR\"},{\"@type\":\"Organization\",\"@id\":\"https:\\\/\\\/shop.corporatestays.com\\\/#organization\",\"name\":\"Corporate Stays\",\"url\":\"https:\\\/\\\/shop.corporatestays.com\\\/\",\"logo\":{\"@type\":\"ImageObject\",\"inLanguage\":\"fr-FR\",\"@id\":\"https:\\\/\\\/shop.corporatestays.com\\\/#\\\/schema\\\/logo\\\/image\\\/\",\"url\":\"https:\\\/\\\/shop.corporatestays.com\\\/wp-content\\\/uploads\\\/2020\\\/12\\\/logo-corporate-stays.png\",\"contentUrl\":\"https:\\\/\\\/shop.corporatestays.com\\\/wp-content\\\/uploads\\\/2020\\\/12\\\/logo-corporate-stays.png\",\"width\":500,\"height\":131,\"caption\":\"Corporate Stays\"},\"image\":{\"@id\":\"https:\\\/\\\/shop.corporatestays.com\\\/#\\\/schema\\\/logo\\\/image\\\/\"},\"sameAs\":[\"https:\\\/\\\/www.facebook.com\\\/CorporateStays\\\/\",\"https:\\\/\\\/x.com\\\/corporatestays\",\"https:\\\/\\\/www.instagram.com\\\/CORPORATESTAYS\\\/\",\"https:\\\/\\\/www.linkedin.com\\\/company\\\/corporatestays\"]}]}<\/script>\n<!-- \/ Yoast SEO plugin. -->","yoast_head_json":{"title":"H\u00f4tels-boutiques - [Shop] Corporate Stays: Beyond Business","description":"Embera Collection est un groupe d'h\u00f4tels-boutiques comprenant des h\u00f4tels, des lodges et des resorts respectueux de l'environnement dans toute l'Am\u00e9rique du Nord et du Sud.","robots":{"index":"index","follow":"follow","max-snippet":"max-snippet:-1","max-image-preview":"max-image-preview:large","max-video-preview":"max-video-preview:-1"},"canonical":"https:\/\/shop.corporatestays.com\/fr\/hotels-boutiques\/","og_locale":"fr_FR","og_type":"article","og_title":"H\u00f4tels-boutiques - [Shop] Corporate Stays: Beyond Business","og_description":"Embera Collection est un groupe d'h\u00f4tels-boutiques comprenant des h\u00f4tels, des lodges et des resorts respectueux de l'environnement dans toute l'Am\u00e9rique du Nord et du Sud.","og_url":"https:\/\/shop.corporatestays.com\/fr\/hotels-boutiques\/","og_site_name":"[Shop] Corporate Stays: Beyond Business","article_publisher":"https:\/\/www.facebook.com\/CorporateStays\/","og_image":[{"width":500,"height":131,"url":"https:\/\/shop.corporatestays.com\/wp-content\/uploads\/2020\/12\/logo-corporate-stays.png","type":"image\/png"}],"twitter_card":"summary_large_image","twitter_site":"@corporatestays","twitter_misc":{"Est. reading time":"7 minutes"},"schema":{"@context":"https:\/\/schema.org","@graph":[{"@type":"WebPage","@id":"https:\/\/shop.corporatestays.com\/fr\/hotels-boutiques\/","url":"https:\/\/shop.corporatestays.com\/fr\/hotels-boutiques\/","name":"H\u00f4tels-boutiques - [Shop] Corporate Stays: Beyond Business","isPartOf":{"@id":"https:\/\/shop.corporatestays.com\/#website"},"datePublished":"2021-06-14T17:58:15+00:00","description":"Embera Collection est un groupe d'h\u00f4tels-boutiques comprenant des h\u00f4tels, des lodges et des resorts respectueux de l'environnement dans toute l'Am\u00e9rique du Nord et du Sud.","breadcrumb":{"@id":"https:\/\/shop.corporatestays.com\/fr\/hotels-boutiques\/#breadcrumb"},"inLanguage":"fr-FR","potentialAction":[{"@type":"ReadAction","target":["https:\/\/shop.corporatestays.com\/fr\/hotels-boutiques\/"]}]},{"@type":"BreadcrumbList","@id":"https:\/\/shop.corporatestays.com\/fr\/hotels-boutiques\/#breadcrumb","itemListElement":[{"@type":"ListItem","position":1,"name":"Home","item":"https:\/\/shop.corporatestays.com\/fr\/accueil\/"},{"@type":"ListItem","position":2,"name":"H\u00f4tels-boutiques"}]},{"@type":"WebSite","@id":"https:\/\/shop.corporatestays.com\/#website","url":"https:\/\/shop.corporatestays.com\/","name":"[Shop] Corporate Stays: Beyond Business","description":"We match business travelers with unique places to stay","publisher":{"@id":"https:\/\/shop.corporatestays.com\/#organization"},"potentialAction":[{"@type":"SearchAction","target":{"@type":"EntryPoint","urlTemplate":"https:\/\/shop.corporatestays.com\/?s={search_term_string}"},"query-input":{"@type":"PropertyValueSpecification","valueRequired":true,"valueName":"search_term_string"}}],"inLanguage":"fr-FR"},{"@type":"Organization","@id":"https:\/\/shop.corporatestays.com\/#organization","name":"Corporate Stays","url":"https:\/\/shop.corporatestays.com\/","logo":{"@type":"ImageObject","inLanguage":"fr-FR","@id":"https:\/\/shop.corporatestays.com\/#\/schema\/logo\/image\/","url":"https:\/\/shop.corporatestays.com\/wp-content\/uploads\/2020\/12\/logo-corporate-stays.png","contentUrl":"https:\/\/shop.corporatestays.com\/wp-content\/uploads\/2020\/12\/logo-corporate-stays.png","width":500,"height":131,"caption":"Corporate Stays"},"image":{"@id":"https:\/\/shop.corporatestays.com\/#\/schema\/logo\/image\/"},"sameAs":["https:\/\/www.facebook.com\/CorporateStays\/","https:\/\/x.com\/corporatestays","https:\/\/www.instagram.com\/CORPORATESTAYS\/","https:\/\/www.linkedin.com\/company\/corporatestays"]}]}},"_links":{"self":[{"href":"https:\/\/shop.corporatestays.com\/fr\/wp-json\/wp\/v2\/pages\/53887","targetHints":{"allow":["GET"]}}],"collection":[{"href":"https:\/\/shop.corporatestays.com\/fr\/wp-json\/wp\/v2\/pages"}],"about":[{"href":"https:\/\/shop.corporatestays.com\/fr\/wp-json\/wp\/v2\/types\/page"}],"author":[{"embeddable":true,"href":"https:\/\/shop.corporatestays.com\/fr\/wp-json\/wp\/v2\/users\/14"}],"replies":[{"embeddable":true,"href":"https:\/\/shop.corporatestays.com\/fr\/wp-json\/wp\/v2\/comments?post=53887"}],"version-history":[{"count":0,"href":"https:\/\/shop.corporatestays.com\/fr\/wp-json\/wp\/v2\/pages\/53887\/revisions"}],"wp:attachment":[{"href":"https:\/\/shop.corporatestays.com\/fr\/wp-json\/wp\/v2\/media?parent=53887"}],"curies":[{"name":"wp","href":"https:\/\/api.w.org\/{rel}","templated":true}]}}